{"id":98518,"date":"2017-03-22T22:09:08","date_gmt":"2017-03-22T22:09:08","guid":{"rendered":"http:\/\/keramika.holest.com\/slovenija\/product\/abs-pokrov-za-straniscno-skoljko\/"},"modified":"2025-12-31T00:01:41","modified_gmt":"2025-12-31T00:01:41","slug":"abs-pokrov-za-straniscno-skoljko","status":"publish","type":"product","link":"https:\/\/www.keramika.com\/slovenija\/abs-pokrov-za-straniscno-skoljko\/","title":{"rendered":"Abs pokrov za strani\u0161\u010dno \u0161koljko"},"content":{"rendered":"<p>15035 Abs toilet lid cover<br \/><a class=\"\"pdfcatal\" href=\"\/\/www.ceramictiles.com\/pdf\/e-ceramica\/inox_sanitary_ware.pdf\">Inox sanitarna oprema \u2013 katalog in cene<\/a><\/p>\n<p>Technical description: PID-15028 <br \/>Toilet Cover ; Material ; Abs ; Color ; Grey ;<\/p>\n","protected":false},"excerpt":{"rendered":"<p>15035 Abs toilet lid cover<\/p>\n","protected":false},"featured_media":98519,"template":"","meta":[],"product_cat":[500,99921413,999,510,511,512],"product_tag":[],"_links":{"self":[{"href":"https:\/\/www.keramika.com\/slovenija\/wp-json\/wp\/v2\/product\/98518"}],"collection":[{"href":"https:\/\/www.keramika.com\/slovenija\/wp-json\/wp\/v2\/product"}],"about":[{"href":"https:\/\/www.keramika.com\/slovenija\/wp-json\/wp\/v2\/types\/product"}],"wp:featuredmedia":[{"embeddable":true,"href":"https:\/\/www.keramika.com\/slovenija\/wp-json\/wp\/v2\/media\/98519"}],"wp:attachment":[{"href":"https:\/\/www.keramika.com\/slovenija\/wp-json\/wp\/v2\/media?parent=98518"}],"wp:term":[{"taxonomy":"product_cat","embeddable":true,"href":"https:\/\/www.keramika.com\/slovenija\/wp-json\/wp\/v2\/product_cat?post=98518"},{"taxonomy":"product_tag","embeddable":true,"href":"https:\/\/www.keramika.com\/slovenija\/wp-json\/wp\/v2\/product_tag?post=98518"}],"curies":[{"name":"wp","href":"https:\/\/api.w.org\/{rel}","templated":true}]}}