{"id":98502,"date":"2017-03-22T22:08:56","date_gmt":"2017-03-22T22:08:56","guid":{"rendered":"http:\/\/keramika.holest.com\/slovenija\/product\/umivalnik-in-straniscna-skoljka-na-desno-stran\/"},"modified":"2025-12-31T00:01:38","modified_gmt":"2025-12-31T00:01:38","slug":"umivalnik-in-straniscna-skoljka-na-desno-stran","status":"publish","type":"product","link":"https:\/\/www.keramika.com\/slovenija\/umivalnik-in-straniscna-skoljka-na-desno-stran\/","title":{"rendered":"Umivalnik in strani\u0161\u010dna \u0161koljka na desno stran"},"content":{"rendered":"<p>13123.R Right AISI 304 stainless steel prison compact equipment<br \/><a class=\"\"pdfcatal\" href=\"\/\/www.ceramictiles.com\/pdf\/e-ceramica\/inox_sanitary_ware.pdf\">Inox sanitarna oprema \u2013 katalog in cene<\/a><\/p>\n<p>Technical description: PID-13123.R <br \/>Vandal-Proof. Suitable For High Security Demand Installations. Includes Bolts For Installation Through Wall. ; Dimensions ; 300 X 300 X 300 mm ; Toilet Pan Right Position ;<\/p>\n","protected":false},"excerpt":{"rendered":"<p>13123.R Right AISI 304 stainless steel prison compact equipment<\/p>\n","protected":false},"featured_media":98503,"template":"","meta":[],"product_cat":[500,99921413,999,510,515,511,512],"product_tag":[],"_links":{"self":[{"href":"https:\/\/www.keramika.com\/slovenija\/wp-json\/wp\/v2\/product\/98502"}],"collection":[{"href":"https:\/\/www.keramika.com\/slovenija\/wp-json\/wp\/v2\/product"}],"about":[{"href":"https:\/\/www.keramika.com\/slovenija\/wp-json\/wp\/v2\/types\/product"}],"wp:featuredmedia":[{"embeddable":true,"href":"https:\/\/www.keramika.com\/slovenija\/wp-json\/wp\/v2\/media\/98503"}],"wp:attachment":[{"href":"https:\/\/www.keramika.com\/slovenija\/wp-json\/wp\/v2\/media?parent=98502"}],"wp:term":[{"taxonomy":"product_cat","embeddable":true,"href":"https:\/\/www.keramika.com\/slovenija\/wp-json\/wp\/v2\/product_cat?post=98502"},{"taxonomy":"product_tag","embeddable":true,"href":"https:\/\/www.keramika.com\/slovenija\/wp-json\/wp\/v2\/product_tag?post=98502"}],"curies":[{"name":"wp","href":"https:\/\/api.w.org\/{rel}","templated":true}]}}