{"id":98410,"date":"2017-08-22T22:08:13","date_gmt":"2017-08-22T22:08:13","guid":{"rendered":"http:\/\/keramika.holest.com\/slovenija\/product\/stenska-wc-skoljka-iz-nerjavecega-jekla\/"},"modified":"2025-12-31T00:01:25","modified_gmt":"2025-12-31T00:01:25","slug":"stenska-wc-skoljka-iz-nerjavecega-jekla","status":"publish","type":"product","link":"https:\/\/www.keramika.com\/slovenija\/stenska-wc-skoljka-iz-nerjavecega-jekla\/","title":{"rendered":"Stenska WC \u0161koljka iz nerjave\u010dega jekla"},"content":{"rendered":"<p>ID 13018.B<br \/><a class=\"\"pdfcatal\" href=\"\/\/www.ceramictiles.com\/pdf\/e-ceramica\/inox_sanitary_ware.pdf\">Inox sanitarna oprema \u2013 katalog in cene<\/a><br \/>\nTEHNI\u010cNI PODATKI<br \/>\nObe\u0161eno na steno s horizontalnim izlivom vode P<br \/>\nMaterial: AISI 304 Iz nerjave\u010dega jekla<br \/>\nDebelina plo\u0161\u010de iz nerjave\u010dega jekla: 2 mm (zadnja plo\u0161\u010da in sede\u017e), 1 mm za ostalo<br \/>\nPolirana obdelava<br \/>\nDimenzije: 380 vi\u0161ina x 355 \u0161irina x 540 globina (mm)<br \/>\nOulet \u00d8 100 mm Vhod za dovod vode \u00d8 60 mm<br \/>\nPokrov ni vklju\u010den<br \/>\nAnti vandal, en del varjene konstrukcije in brez robov.<\/p>\n","protected":false},"excerpt":{"rendered":"<p>Anti vandal, en del zavarjene konstrukcije in brez robov.<\/p>\n","protected":false},"featured_media":98411,"template":"","meta":[],"product_cat":[500,99921413,999,510,515,511,512],"product_tag":[],"_links":{"self":[{"href":"https:\/\/www.keramika.com\/slovenija\/wp-json\/wp\/v2\/product\/98410"}],"collection":[{"href":"https:\/\/www.keramika.com\/slovenija\/wp-json\/wp\/v2\/product"}],"about":[{"href":"https:\/\/www.keramika.com\/slovenija\/wp-json\/wp\/v2\/types\/product"}],"wp:featuredmedia":[{"embeddable":true,"href":"https:\/\/www.keramika.com\/slovenija\/wp-json\/wp\/v2\/media\/98411"}],"wp:attachment":[{"href":"https:\/\/www.keramika.com\/slovenija\/wp-json\/wp\/v2\/media?parent=98410"}],"wp:term":[{"taxonomy":"product_cat","embeddable":true,"href":"https:\/\/www.keramika.com\/slovenija\/wp-json\/wp\/v2\/product_cat?post=98410"},{"taxonomy":"product_tag","embeddable":true,"href":"https:\/\/www.keramika.com\/slovenija\/wp-json\/wp\/v2\/product_tag?post=98410"}],"curies":[{"name":"wp","href":"https:\/\/api.w.org\/{rel}","templated":true}]}}