{"id":98394,"date":"2017-03-22T22:08:04","date_gmt":"2017-03-22T22:08:04","guid":{"rendered":"http:\/\/keramika.holest.com\/slovenija\/product\/inox-wc-skoljke\/"},"modified":"2025-12-31T00:01:22","modified_gmt":"2025-12-31T00:01:22","slug":"inox-wc-skoljke","status":"publish","type":"product","link":"https:\/\/www.keramika.com\/slovenija\/inox-wc-skoljke\/","title":{"rendered":"Inox WC \u0161koljke"},"content":{"rendered":"<p>WC \u0161koljke od nerjave\u010dega jekla, AISI 340, polirane zaklju\u010dne obdelave. WC \u0161koljka je poliran,brez ostrih robov, ergonomska. Globina WC \u0161koljke je  540 mm, vi\u0161ina 460 mm in \u0161irina 355 mm. Povezava za vodo je \u00d8 60 mm. Izliv pa \u00d8 100 mm.<\/p>\n<p><a class\n\nTechnical description: PID-13012.M.B <br \/>Floor Settled Toilet For Disabled, Horizontal \u201cP\u201d Trap Outlet ; Dimensions ; 460 X 355 X 540 mm ;<\/p>\n","protected":false},"excerpt":{"rendered":"<p>WC \u0161koljke od nerjave\u010dega jekla, AISI 340, polirane zaklju\u010dne obdelave. WC \u0161koljka je poliran,brez ostrih robov, ergonomska. Globina WC \u0161koljke je 540 mm, vi\u0161ina 460 mm in \u0161irina 355 mm. Povezava za vodo je \u00d8 60 mm. Izliv pa \u00d8 100 mm.<\/p>\n","protected":false},"featured_media":98395,"template":"","meta":[],"product_cat":[500,99921413,999,510,515,511,512],"product_tag":[],"_links":{"self":[{"href":"https:\/\/www.keramika.com\/slovenija\/wp-json\/wp\/v2\/product\/98394"}],"collection":[{"href":"https:\/\/www.keramika.com\/slovenija\/wp-json\/wp\/v2\/product"}],"about":[{"href":"https:\/\/www.keramika.com\/slovenija\/wp-json\/wp\/v2\/types\/product"}],"wp:featuredmedia":[{"embeddable":true,"href":"https:\/\/www.keramika.com\/slovenija\/wp-json\/wp\/v2\/media\/98395"}],"wp:attachment":[{"href":"https:\/\/www.keramika.com\/slovenija\/wp-json\/wp\/v2\/media?parent=98394"}],"wp:term":[{"taxonomy":"product_cat","embeddable":true,"href":"https:\/\/www.keramika.com\/slovenija\/wp-json\/wp\/v2\/product_cat?post=98394"},{"taxonomy":"product_tag","embeddable":true,"href":"https:\/\/www.keramika.com\/slovenija\/wp-json\/wp\/v2\/product_tag?post=98394"}],"curies":[{"name":"wp","href":"https:\/\/api.w.org\/{rel}","templated":true}]}}