{"id":98384,"date":"2017-03-22T22:07:58","date_gmt":"2017-03-22T22:07:58","guid":{"rendered":"http:\/\/keramika.holest.com\/slovenija\/product\/drzalo-za-papirnate-brisace-s-kosem-nerjavece-jeklo\/"},"modified":"2025-12-31T00:01:21","modified_gmt":"2025-12-31T00:01:21","slug":"drzalo-za-papirnate-brisace-s-kosem-nerjavece-jeklo","status":"publish","type":"product","link":"https:\/\/www.keramika.com\/slovenija\/drzalo-za-papirnate-brisace-s-kosem-nerjavece-jeklo\/","title":{"rendered":"Dr\u017ealo za papirnate brisa\u010de s ko\u0161em, nerjave\u010de jeklo"},"content":{"rendered":"<p>12047.S Paper towel dispenser and bin in stainless steel, to build in<br \/><a class=\"\"pdfcatal\" href=\"\/\/www.ceramictiles.com\/pdf\/e-ceramica\/inox_sanitary_ware.pdf\">Inox sanitarna oprema \u2013 katalog in cene<\/a><\/p>\n<p>Technical description: PID-12047.S <br \/>Built-In Compact Forniture With Towel Paper Dispenser And Bin ; Dimensions ; 660 X 362 X 102 mm ; Hole Dimensions ; 607 X 311 X 102 mm ; Capacity Wastepaper Bin ; 8 Litres ; Paper Dispenser ; 350 Uses ;<\/p>\n","protected":false},"excerpt":{"rendered":"<p>12047.S Paper towel dispenser and bin in stainless steel, to build in<\/p>\n","protected":false},"featured_media":98385,"template":"","meta":[],"product_cat":[500,99921413,999,510,511,512],"product_tag":[],"_links":{"self":[{"href":"https:\/\/www.keramika.com\/slovenija\/wp-json\/wp\/v2\/product\/98384"}],"collection":[{"href":"https:\/\/www.keramika.com\/slovenija\/wp-json\/wp\/v2\/product"}],"about":[{"href":"https:\/\/www.keramika.com\/slovenija\/wp-json\/wp\/v2\/types\/product"}],"wp:featuredmedia":[{"embeddable":true,"href":"https:\/\/www.keramika.com\/slovenija\/wp-json\/wp\/v2\/media\/98385"}],"wp:attachment":[{"href":"https:\/\/www.keramika.com\/slovenija\/wp-json\/wp\/v2\/media?parent=98384"}],"wp:term":[{"taxonomy":"product_cat","embeddable":true,"href":"https:\/\/www.keramika.com\/slovenija\/wp-json\/wp\/v2\/product_cat?post=98384"},{"taxonomy":"product_tag","embeddable":true,"href":"https:\/\/www.keramika.com\/slovenija\/wp-json\/wp\/v2\/product_tag?post=98384"}],"curies":[{"name":"wp","href":"https:\/\/api.w.org\/{rel}","templated":true}]}}