{"id":98380,"date":"2017-03-22T22:07:56","date_gmt":"2017-03-22T22:07:56","guid":{"rendered":"http:\/\/keramika.holest.com\/slovenija\/product\/drzalo-za-papirnate-brisace-s-kosem\/"},"modified":"2025-12-31T00:01:21","modified_gmt":"2025-12-31T00:01:21","slug":"drzalo-za-papirnate-brisace-s-kosem","status":"publish","type":"product","link":"https:\/\/www.keramika.com\/slovenija\/drzalo-za-papirnate-brisace-s-kosem\/","title":{"rendered":"Dr\u017ealo za papirnate brisa\u010de s ko\u0161em"},"content":{"rendered":"<p>12020.S Paper towel dispenser and bin in stainless steel, to build in<br \/><a class=\"\"pdfcatal\" href=\"\/\/www.ceramictiles.com\/pdf\/e-ceramica\/inox_sanitary_ware.pdf\">Inox sanitarna oprema \u2013 katalog in cene<\/a><\/p>\n<p>Technical description: PID-12020.S <br \/>Built-In Compact Forniture With Towel Paper Dispenser And Bin ; Dimensions ; 1400 X 335 X 115 mm (105 mm. Built-In) ; Capacity Wastepaper Bin ; 17 Litres ;<\/p>\n","protected":false},"excerpt":{"rendered":"<p>12020.S Paper towel dispenser and bin in stainless steel, to build in<\/p>\n","protected":false},"featured_media":98381,"template":"","meta":[],"product_cat":[500,99921413,999,510,511,512],"product_tag":[],"_links":{"self":[{"href":"https:\/\/www.keramika.com\/slovenija\/wp-json\/wp\/v2\/product\/98380"}],"collection":[{"href":"https:\/\/www.keramika.com\/slovenija\/wp-json\/wp\/v2\/product"}],"about":[{"href":"https:\/\/www.keramika.com\/slovenija\/wp-json\/wp\/v2\/types\/product"}],"wp:featuredmedia":[{"embeddable":true,"href":"https:\/\/www.keramika.com\/slovenija\/wp-json\/wp\/v2\/media\/98381"}],"wp:attachment":[{"href":"https:\/\/www.keramika.com\/slovenija\/wp-json\/wp\/v2\/media?parent=98380"}],"wp:term":[{"taxonomy":"product_cat","embeddable":true,"href":"https:\/\/www.keramika.com\/slovenija\/wp-json\/wp\/v2\/product_cat?post=98380"},{"taxonomy":"product_tag","embeddable":true,"href":"https:\/\/www.keramika.com\/slovenija\/wp-json\/wp\/v2\/product_tag?post=98380"}],"curies":[{"name":"wp","href":"https:\/\/api.w.org\/{rel}","templated":true}]}}