{"id":98340,"date":"2017-03-22T22:07:40","date_gmt":"2017-03-22T22:07:40","guid":{"rendered":"http:\/\/keramika.holest.com\/slovenija\/product\/pravokotno-drzalo-za-brisace-45-cm-satinirano-nerjavece-jeklo\/"},"modified":"2025-12-31T00:01:15","modified_gmt":"2025-12-31T00:01:15","slug":"pravokotno-drzalo-za-brisace-45-cm-satinirano-nerjavece-jeklo","status":"publish","type":"product","link":"https:\/\/www.keramika.com\/slovenija\/pravokotno-drzalo-za-brisace-45-cm-satinirano-nerjavece-jeklo\/","title":{"rendered":"Pravokotno dr\u017ealo za brisa\u010de 45 cm satinirano, nerjave\u010de jeklo"},"content":{"rendered":"<p>09030.S Towel ring, stainless steel, squared<br \/><a class=\"\"pdfcatal\" href=\"\/\/www.ceramictiles.com\/pdf\/e-ceramica\/inox_sanitary_ware.pdf\">Inox sanitarna oprema \u2013 katalog in cene<\/a><\/p>\n<p>Technical description: PID-09030.S <br \/>Towel Rail With Squared Bar ; Dimensions ; 50 X 450 X 90 mm ;<\/p>\n","protected":false},"excerpt":{"rendered":"<p>09030.S Towel ring, stainless steel, squared<\/p>\n","protected":false},"featured_media":98341,"template":"","meta":[],"product_cat":[560,500,99921413,999,510,511,512],"product_tag":[],"_links":{"self":[{"href":"https:\/\/www.keramika.com\/slovenija\/wp-json\/wp\/v2\/product\/98340"}],"collection":[{"href":"https:\/\/www.keramika.com\/slovenija\/wp-json\/wp\/v2\/product"}],"about":[{"href":"https:\/\/www.keramika.com\/slovenija\/wp-json\/wp\/v2\/types\/product"}],"wp:featuredmedia":[{"embeddable":true,"href":"https:\/\/www.keramika.com\/slovenija\/wp-json\/wp\/v2\/media\/98341"}],"wp:attachment":[{"href":"https:\/\/www.keramika.com\/slovenija\/wp-json\/wp\/v2\/media?parent=98340"}],"wp:term":[{"taxonomy":"product_cat","embeddable":true,"href":"https:\/\/www.keramika.com\/slovenija\/wp-json\/wp\/v2\/product_cat?post=98340"},{"taxonomy":"product_tag","embeddable":true,"href":"https:\/\/www.keramika.com\/slovenija\/wp-json\/wp\/v2\/product_tag?post=98340"}],"curies":[{"name":"wp","href":"https:\/\/api.w.org\/{rel}","templated":true}]}}