{"id":98338,"date":"2017-03-22T22:07:39","date_gmt":"2017-03-22T22:07:39","guid":{"rendered":"http:\/\/keramika.holest.com\/slovenija\/product\/pravokotno-drzalo-za-brisace-45-cm-polirano-nerjavece-jeklo\/"},"modified":"2025-12-31T00:01:15","modified_gmt":"2025-12-31T00:01:15","slug":"pravokotno-drzalo-za-brisace-45-cm-polirano-nerjavece-jeklo","status":"publish","type":"product","link":"https:\/\/www.keramika.com\/slovenija\/pravokotno-drzalo-za-brisace-45-cm-polirano-nerjavece-jeklo\/","title":{"rendered":"Pravokotno dr\u017ealo za brisa\u010de 45 cm polirano, nerjave\u010de jeklo"},"content":{"rendered":"<p>09030.B Towel ring, stainless steel, squared<br \/><a class=\"\"pdfcatal\" href=\"\/\/www.ceramictiles.com\/pdf\/e-ceramica\/inox_sanitary_ware.pdf\">Inox sanitarna oprema \u2013 katalog in cene<\/a><\/p>\n<p>Technical description: PID-09030.B <br \/>Towel Rail With Squared Bar ; Dimensions ; 50 X 450 X 90 mm ;<\/p>\n","protected":false},"excerpt":{"rendered":"<p>09030.B Towel ring, stainless steel, squared<\/p>\n","protected":false},"featured_media":98339,"template":"","meta":[],"product_cat":[560,500,99921413,999,510,511,512],"product_tag":[],"_links":{"self":[{"href":"https:\/\/www.keramika.com\/slovenija\/wp-json\/wp\/v2\/product\/98338"}],"collection":[{"href":"https:\/\/www.keramika.com\/slovenija\/wp-json\/wp\/v2\/product"}],"about":[{"href":"https:\/\/www.keramika.com\/slovenija\/wp-json\/wp\/v2\/types\/product"}],"wp:featuredmedia":[{"embeddable":true,"href":"https:\/\/www.keramika.com\/slovenija\/wp-json\/wp\/v2\/media\/98339"}],"wp:attachment":[{"href":"https:\/\/www.keramika.com\/slovenija\/wp-json\/wp\/v2\/media?parent=98338"}],"wp:term":[{"taxonomy":"product_cat","embeddable":true,"href":"https:\/\/www.keramika.com\/slovenija\/wp-json\/wp\/v2\/product_cat?post=98338"},{"taxonomy":"product_tag","embeddable":true,"href":"https:\/\/www.keramika.com\/slovenija\/wp-json\/wp\/v2\/product_tag?post=98338"}],"curies":[{"name":"wp","href":"https:\/\/api.w.org\/{rel}","templated":true}]}}