{"id":98198,"date":"2017-03-22T22:06:32","date_gmt":"2017-03-22T22:06:32","guid":{"rendered":"http:\/\/keramika.holest.com\/slovenija\/product\/talne-ploscice-tau-hebra-beige\/"},"modified":"2025-12-31T00:00:54","modified_gmt":"2025-12-31T00:00:54","slug":"talne-ploscice-tau-hebra-beige","status":"publish","type":"product","link":"https:\/\/www.keramika.com\/slovenija\/talne-ploscice-tau-hebra-beige\/","title":{"rendered":"Talne plo\u0161\u010dice Tau Hebra Beige"},"content":{"rendered":"<p>Velikost te plo\u0161\u010dice je 31,6&#215;31,6 cm in je primerna za razli\u010dne povr\u0161ine. Ta plo\u0161\u010dica je na voljo v \u010dudoviti be\u017e barvi, \u010de \u017eelite kak\u0161no drugo barvo pa nas kontaktirajte in preverili bomo pri proizvajalcu. V redni prodaji bi morali za to plo\u0161\u010dico od\u0161teti 41,34 EUR, spletna cena pa zna\u0161a le 33,08 EUR. 9 mm debeline je dovolj tudi za zahtevnej\u0161e kupce. Tau Hebra Beige je plo\u0161\u010dica proizvajalca Tau Ceramica in prihaja iz \u0160panije.<\/p>\n<p>Kliknite na ime kolekcije za ogled vseh plo\u0161\u010dic iz te serije: <a class=\"pdfcatal\" href=\"\/\/www.ceramictiles.com\/pdf\/tau\/hebra_beige.pdf\" onclick=\"recordOutboundLink(this, 'E-mail', 'Description PDF');return false;\">Tau Ceramica Hebra<\/a><\/p>\n<p>\u010ce \u017eelite naro\u010diti model iz pdf kataloga te kolekcije, nam pi\u0161ite na: <a href=\"mailto:keramoteka.salon@gmail.com\" onclick=\"recordOutboundLink(this, 'E-mail', 'Description mail');return false;\">keramoteka.salon@gmail.com<\/a> ali pa nas pokli\u010dite na: +386 31 255 900.<\/p>\n<p>Technical description: <br \/> F 31,6&#215;31,6 <br \/>Hebra Blanco ; Hebra Marfil ; Hebra Beige ; Hebra Gris ; Hebra Negro ; Hebra Wengue ;<\/p>\n","protected":false},"excerpt":{"rendered":"<p>Velikost te plo\u0161\u010dice je 31,6&#215;31,6 cm in je primerna za razli\u010dne povr\u0161ine. Ta plo\u0161\u010dica je na voljo v \u010dudoviti be\u017e barvi, \u010de \u017eelite kak\u0161no drugo barvo pa nas kontaktirajte in preverili bomo pri proizvajalcu. V redni prodaji bi morali za to plo\u0161\u010dico od\u0161teti 41,34 EUR, spletna cena pa zna\u0161a le 33,08 EUR. 9 mm debeline [&hellip;]<\/p>\n","protected":false},"featured_media":98199,"template":"","meta":[],"product_cat":[200,220,999,250,240,999125],"product_tag":[],"_links":{"self":[{"href":"https:\/\/www.keramika.com\/slovenija\/wp-json\/wp\/v2\/product\/98198"}],"collection":[{"href":"https:\/\/www.keramika.com\/slovenija\/wp-json\/wp\/v2\/product"}],"about":[{"href":"https:\/\/www.keramika.com\/slovenija\/wp-json\/wp\/v2\/types\/product"}],"wp:featuredmedia":[{"embeddable":true,"href":"https:\/\/www.keramika.com\/slovenija\/wp-json\/wp\/v2\/media\/98199"}],"wp:attachment":[{"href":"https:\/\/www.keramika.com\/slovenija\/wp-json\/wp\/v2\/media?parent=98198"}],"wp:term":[{"taxonomy":"product_cat","embeddable":true,"href":"https:\/\/www.keramika.com\/slovenija\/wp-json\/wp\/v2\/product_cat?post=98198"},{"taxonomy":"product_tag","embeddable":true,"href":"https:\/\/www.keramika.com\/slovenija\/wp-json\/wp\/v2\/product_tag?post=98198"}],"curies":[{"name":"wp","href":"https:\/\/api.w.org\/{rel}","templated":true}]}}