{"id":98194,"date":"2017-03-22T22:06:31","date_gmt":"2017-03-22T22:06:31","guid":{"rendered":"http:\/\/keramika.holest.com\/slovenija\/product\/keramika-imitacija-lesa-revigres-forest-branco\/"},"modified":"2017-03-22T22:06:31","modified_gmt":"2017-03-22T22:06:31","slug":"keramika-imitacija-lesa-revigres-forest-branco","status":"publish","type":"product","link":"https:\/\/www.keramika.com\/slovenija\/keramika-imitacija-lesa-revigres-forest-branco\/","title":{"rendered":"Keramika imitacija lesa Revigres Forest Branco"},"content":{"rendered":"<p>Revigres Forest Branco prihaja iz Portugalske, ki je znana po zelo kvalitetni keramiki v svetovnem merilu. Pri izbiri plo\u0161\u010dice v beli barvi ne morete zgre\u0161iti. 9 mm debeline je dovolj tudi za zahtevnej\u0161e kupce. Velikost te plo\u0161\u010dice je 30&#215;90 cm in je primerna za razli\u010dne povr\u0161ine.<\/p>\n<p>Kliknite na ime kolekcije za ogled vseh plo\u0161\u010dic iz te serije: <a class=\"pdfcatal\" href=\"\/\/www.ceramictiles.com\/pdf\/revigres\/forest.pdf\" onclick=\"recordOutboundLink(this, 'E-mail', 'Description PDF');return false;\">Revigres Forest<\/a><\/p>\n<p>\u010ce \u017eelite naro\u010diti model iz pdf kataloga te kolekcije, nam pi\u0161ite na: <a href=\"mailto:keramoteka.salon@gmail.com\" onclick=\"recordOutboundLink(this, 'E-mail', 'Description mail');return false;\">keramoteka.salon@gmail.com<\/a> ali pa nas pokli\u010dite na: 031 255 900.<\/p>\n<p>Technical description: <br \/> W 30&#215;90  <br \/>Forest Bege ; Forest Weng\u00e9 ; Forest Branco ; Forest Preto ;<\/p>\n","protected":false},"excerpt":{"rendered":"<p>Revigres Forest Branco prihaja iz Portugalske, ki je znana po zelo kvalitetni keramiki v svetovnem merilu. Pri izbiri plo\u0161\u010dice v beli barvi ne morete zgre\u0161iti. 9 mm debeline je dovolj tudi za zahtevnej\u0161e kupce. Velikost te plo\u0161\u010dice je 30&#215;90 cm in je primerna za razli\u010dne povr\u0161ine. Kliknite na ime kolekcije za ogled vseh plo\u0161\u010dic iz [&hellip;]<\/p>\n","protected":false},"featured_media":98195,"template":"","meta":[],"product_cat":[200,260,999,9991548,250,240],"product_tag":[],"_links":{"self":[{"href":"https:\/\/www.keramika.com\/slovenija\/wp-json\/wp\/v2\/product\/98194"}],"collection":[{"href":"https:\/\/www.keramika.com\/slovenija\/wp-json\/wp\/v2\/product"}],"about":[{"href":"https:\/\/www.keramika.com\/slovenija\/wp-json\/wp\/v2\/types\/product"}],"wp:featuredmedia":[{"embeddable":true,"href":"https:\/\/www.keramika.com\/slovenija\/wp-json\/wp\/v2\/media\/98195"}],"wp:attachment":[{"href":"https:\/\/www.keramika.com\/slovenija\/wp-json\/wp\/v2\/media?parent=98194"}],"wp:term":[{"taxonomy":"product_cat","embeddable":true,"href":"https:\/\/www.keramika.com\/slovenija\/wp-json\/wp\/v2\/product_cat?post=98194"},{"taxonomy":"product_tag","embeddable":true,"href":"https:\/\/www.keramika.com\/slovenija\/wp-json\/wp\/v2\/product_tag?post=98194"}],"curies":[{"name":"wp","href":"https:\/\/api.w.org\/{rel}","templated":true}]}}