{"id":98188,"date":"2017-03-22T22:06:30","date_gmt":"2017-03-22T22:06:30","guid":{"rendered":"http:\/\/keramika.holest.com\/slovenija\/product\/ploscice-za-kopalnico-revigres-xisto-superbranco\/"},"modified":"2017-03-22T22:06:30","modified_gmt":"2017-03-22T22:06:30","slug":"ploscice-za-kopalnico-revigres-xisto-superbranco","status":"publish","type":"product","link":"https:\/\/www.keramika.com\/slovenija\/ploscice-za-kopalnico-revigres-xisto-superbranco\/","title":{"rendered":"Plo\u0161\u010dice za kopalnico Revigres Xisto Superbranco"},"content":{"rendered":"<p>9 mm je debelina, ki zadovolji tudi zahtevnej\u0161e kupce. Z velikostjo 30&#215;120 cm je ta plo\u0161\u010dica primerna ze razli\u010dne povr\u0161ine. Letos so plo\u0161\u010dice v beli barvi zelo za\u017eeljene. Revigres Xisto Superbranco je plo\u0161\u010dica proizvajalca Revigres in prihaja iz Portugalske.<\/p>\n<p>Kliknite na ime kolekcije za ogled vseh plo\u0161\u010dic iz te serije: <a class=\"pdfcatal\" href=\"\/\/www.ceramictiles.com\/pdf\/revigres\/xisto.pdf\" onclick=\"recordOutboundLink(this, 'E-mail', 'Description PDF');return false;\">Revigres Xisto<\/a><\/p>\n<p>\u010ce \u017eelite naro\u010diti model iz pdf kataloga te kolekcije, nam pi\u0161ite na: <a href=\"mailto:keramoteka.salon@gmail.com\" onclick=\"recordOutboundLink(this, 'E-mail', 'Description mail');return false;\">keramoteka.salon@gmail.com<\/a> ali pa nas pokli\u010dite na: 031 255 900.<\/p>\n<p>Technical description: <br \/> W 60&#215;120 ; 30&#215;120 ; 15&#215;120 ; 10&#215;120 <br \/>Xisto Superbranco ; Xisto Multicolor ; Xisto Marfim ; Xisto Preto ;<\/p>\n","protected":false},"excerpt":{"rendered":"<p>9 mm je debelina, ki zadovolji tudi zahtevnej\u0161e kupce. Z velikostjo 30&#215;120 cm je ta plo\u0161\u010dica primerna ze razli\u010dne povr\u0161ine. Letos so plo\u0161\u010dice v beli barvi zelo za\u017eeljene. Revigres Xisto Superbranco je plo\u0161\u010dica proizvajalca Revigres in prihaja iz Portugalske. Kliknite na ime kolekcije za ogled vseh plo\u0161\u010dic iz te serije: Revigres Xisto \u010ce \u017eelite naro\u010diti [&hellip;]<\/p>\n","protected":false},"featured_media":98189,"template":"","meta":[],"product_cat":[200,230,260,999,9991548,240],"product_tag":[],"_links":{"self":[{"href":"https:\/\/www.keramika.com\/slovenija\/wp-json\/wp\/v2\/product\/98188"}],"collection":[{"href":"https:\/\/www.keramika.com\/slovenija\/wp-json\/wp\/v2\/product"}],"about":[{"href":"https:\/\/www.keramika.com\/slovenija\/wp-json\/wp\/v2\/types\/product"}],"wp:featuredmedia":[{"embeddable":true,"href":"https:\/\/www.keramika.com\/slovenija\/wp-json\/wp\/v2\/media\/98189"}],"wp:attachment":[{"href":"https:\/\/www.keramika.com\/slovenija\/wp-json\/wp\/v2\/media?parent=98188"}],"wp:term":[{"taxonomy":"product_cat","embeddable":true,"href":"https:\/\/www.keramika.com\/slovenija\/wp-json\/wp\/v2\/product_cat?post=98188"},{"taxonomy":"product_tag","embeddable":true,"href":"https:\/\/www.keramika.com\/slovenija\/wp-json\/wp\/v2\/product_tag?post=98188"}],"curies":[{"name":"wp","href":"https:\/\/api.w.org\/{rel}","templated":true}]}}