{"id":98184,"date":"2017-03-22T22:06:29","date_gmt":"2017-03-22T22:06:29","guid":{"rendered":"http:\/\/keramika.holest.com\/slovenija\/product\/portland-gris-2\/"},"modified":"2025-12-31T00:00:53","modified_gmt":"2025-12-31T00:00:53","slug":"portland-gris-2","status":"publish","type":"product","link":"https:\/\/www.keramika.com\/slovenija\/portland-gris-2\/","title":{"rendered":"Portland Gris"},"content":{"rendered":"<p>Debelina kar 9 mm dela to plo\u0161\u010dico zelo trpe\u017eno in presti\u017eno na otip. Letos so plo\u0161\u010dice v sivi barvi zelo za\u017eeljene. Velikost te plo\u0161\u010dice je 20&#215;50 cm. Portland Gris je na voljo po zelo ugodni ceni 16,53 EUR. To plo\u0161\u010dico je izdelal proizvajalec Halcon Ceramicas, ki prihaja iz \u0160panije.<\/p>\n","protected":false},"excerpt":{"rendered":"<p>Debelina kar 9 mm dela to plo\u0161\u010dico zelo trpe\u017eno in presti\u017eno na otip. Letos so plo\u0161\u010dice v sivi barvi zelo za\u017eeljene. Velikost te plo\u0161\u010dice je 20&#215;50 cm. Portland Gris je na voljo po zelo ugodni ceni 16,53 EUR. To plo\u0161\u010dico je izdelal proizvajalec Halcon Ceramicas, ki prihaja iz \u0160panije.<\/p>\n","protected":false},"featured_media":98185,"template":"","meta":[],"product_cat":[210,99946,200,220,999,250],"product_tag":[],"_links":{"self":[{"href":"https:\/\/www.keramika.com\/slovenija\/wp-json\/wp\/v2\/product\/98184"}],"collection":[{"href":"https:\/\/www.keramika.com\/slovenija\/wp-json\/wp\/v2\/product"}],"about":[{"href":"https:\/\/www.keramika.com\/slovenija\/wp-json\/wp\/v2\/types\/product"}],"wp:featuredmedia":[{"embeddable":true,"href":"https:\/\/www.keramika.com\/slovenija\/wp-json\/wp\/v2\/media\/98185"}],"wp:attachment":[{"href":"https:\/\/www.keramika.com\/slovenija\/wp-json\/wp\/v2\/media?parent=98184"}],"wp:term":[{"taxonomy":"product_cat","embeddable":true,"href":"https:\/\/www.keramika.com\/slovenija\/wp-json\/wp\/v2\/product_cat?post=98184"},{"taxonomy":"product_tag","embeddable":true,"href":"https:\/\/www.keramika.com\/slovenija\/wp-json\/wp\/v2\/product_tag?post=98184"}],"curies":[{"name":"wp","href":"https:\/\/api.w.org\/{rel}","templated":true}]}}