{"id":98182,"date":"2017-03-22T22:06:29","date_gmt":"2017-03-22T22:06:29","guid":{"rendered":"http:\/\/keramika.holest.com\/slovenija\/product\/portland-ceniza-2\/"},"modified":"2025-12-31T00:00:53","modified_gmt":"2025-12-31T00:00:53","slug":"portland-ceniza-2","status":"publish","type":"product","link":"https:\/\/www.keramika.com\/slovenija\/portland-ceniza-2\/","title":{"rendered":"Portland Ceniza"},"content":{"rendered":"<p>Dimenzije te plo\u0161\u010dice so 20&#215;50 cm. 9 mm je debelina, ki zadovolji tudi zahtevnej\u0161e kupce. Ta plo\u0161\u010dica prihaja iz \u0160panije, ki je znana po kvalitetni keramiki. Zelo moderna plo\u0161\u010dica v sivi barvi popestri prav vsak prostor. V redni prodaji bi morali za to plo\u0161\u010dico od\u0161teti 20,66 EUR, spletna cena pa zna\u0161a le 16,53 EUR.<\/p>\n","protected":false},"excerpt":{"rendered":"<p>Dimenzije te plo\u0161\u010dice so 20&#215;50 cm. 9 mm je debelina, ki zadovolji tudi zahtevnej\u0161e kupce. Ta plo\u0161\u010dica prihaja iz \u0160panije, ki je znana po kvalitetni keramiki. Zelo moderna plo\u0161\u010dica v sivi barvi popestri prav vsak prostor. V redni prodaji bi morali za to plo\u0161\u010dico od\u0161teti 20,66 EUR, spletna cena pa zna\u0161a le 16,53 EUR.<\/p>\n","protected":false},"featured_media":98183,"template":"","meta":[],"product_cat":[210,99946,200,220,999,250],"product_tag":[],"_links":{"self":[{"href":"https:\/\/www.keramika.com\/slovenija\/wp-json\/wp\/v2\/product\/98182"}],"collection":[{"href":"https:\/\/www.keramika.com\/slovenija\/wp-json\/wp\/v2\/product"}],"about":[{"href":"https:\/\/www.keramika.com\/slovenija\/wp-json\/wp\/v2\/types\/product"}],"wp:featuredmedia":[{"embeddable":true,"href":"https:\/\/www.keramika.com\/slovenija\/wp-json\/wp\/v2\/media\/98183"}],"wp:attachment":[{"href":"https:\/\/www.keramika.com\/slovenija\/wp-json\/wp\/v2\/media?parent=98182"}],"wp:term":[{"taxonomy":"product_cat","embeddable":true,"href":"https:\/\/www.keramika.com\/slovenija\/wp-json\/wp\/v2\/product_cat?post=98182"},{"taxonomy":"product_tag","embeddable":true,"href":"https:\/\/www.keramika.com\/slovenija\/wp-json\/wp\/v2\/product_tag?post=98182"}],"curies":[{"name":"wp","href":"https:\/\/api.w.org\/{rel}","templated":true}]}}