{"id":98174,"date":"2017-03-22T22:06:27","date_gmt":"2017-03-22T22:06:27","guid":{"rendered":"http:\/\/keramika.holest.com\/slovenija\/product\/look-chocolate-2\/"},"modified":"2025-12-31T00:00:52","modified_gmt":"2025-12-31T00:00:52","slug":"look-chocolate-2","status":"publish","type":"product","link":"https:\/\/www.keramika.com\/slovenija\/look-chocolate-2\/","title":{"rendered":"Look Chocolate"},"content":{"rendered":"<p>Look Chocolate je na voljo po zelo ugodni ceni 16,53 EUR. Ta plo\u0161\u010dica prihaja iz \u0160panije, ki je znana po kvalitetni keramiki. 9 mm debeline je dovolj tudi za zahtevnej\u0161e kupce. Ta model plo\u0161\u010dice se najbolje prodaja v rjavi barvi. Z 20&#215;50 cm je ta plo\u0161\u010dica primerna za razli\u010dne podlage.<\/p>\n","protected":false},"excerpt":{"rendered":"<p>Look Chocolate je na voljo po zelo ugodni ceni 16,53 EUR. Ta plo\u0161\u010dica prihaja iz \u0160panije, ki je znana po kvalitetni keramiki. 9 mm debeline je dovolj tudi za zahtevnej\u0161e kupce. Ta model plo\u0161\u010dice se najbolje prodaja v rjavi barvi. Z 20&#215;50 cm je ta plo\u0161\u010dica primerna za razli\u010dne podlage.<\/p>\n","protected":false},"featured_media":98175,"template":"","meta":[],"product_cat":[99946,200,220,999,250],"product_tag":[],"_links":{"self":[{"href":"https:\/\/www.keramika.com\/slovenija\/wp-json\/wp\/v2\/product\/98174"}],"collection":[{"href":"https:\/\/www.keramika.com\/slovenija\/wp-json\/wp\/v2\/product"}],"about":[{"href":"https:\/\/www.keramika.com\/slovenija\/wp-json\/wp\/v2\/types\/product"}],"wp:featuredmedia":[{"embeddable":true,"href":"https:\/\/www.keramika.com\/slovenija\/wp-json\/wp\/v2\/media\/98175"}],"wp:attachment":[{"href":"https:\/\/www.keramika.com\/slovenija\/wp-json\/wp\/v2\/media?parent=98174"}],"wp:term":[{"taxonomy":"product_cat","embeddable":true,"href":"https:\/\/www.keramika.com\/slovenija\/wp-json\/wp\/v2\/product_cat?post=98174"},{"taxonomy":"product_tag","embeddable":true,"href":"https:\/\/www.keramika.com\/slovenija\/wp-json\/wp\/v2\/product_tag?post=98174"}],"curies":[{"name":"wp","href":"https:\/\/api.w.org\/{rel}","templated":true}]}}