{"id":98170,"date":"2017-03-22T22:06:27","date_gmt":"2017-03-22T22:06:27","guid":{"rendered":"http:\/\/keramika.holest.com\/slovenija\/product\/colours-blanco\/"},"modified":"2025-12-31T00:00:52","modified_gmt":"2025-12-31T00:00:52","slug":"colours-blanco","status":"publish","type":"product","link":"https:\/\/www.keramika.com\/slovenija\/colours-blanco\/","title":{"rendered":"Colours Blanco"},"content":{"rendered":"<p>Namesto 20,66 EUR kot bi za to plo\u0161\u010dico od\u0161teli v klasi\u010dni trgovini, boste v na\u0161i spletni prodajalni od\u0161teli le 16,53 EUR. Keramika v beli barvi popestri vsak prostor. Dimenzije te plo\u0161\u010dice so 20&#215;50 cm. Plo\u0161\u010dica je debela kar 9 mm, kar jo uvr\u0161\u010da med bolj trde plo\u0161\u010dice. Colours Blanco je plo\u0161\u010dica proizvajalca Halcon Ceramicas in prihaja iz \u0160panije.<\/p>\n","protected":false},"excerpt":{"rendered":"<p>Namesto 20,66 EUR kot bi za to plo\u0161\u010dico od\u0161teli v klasi\u010dni trgovini, boste v na\u0161i spletni prodajalni od\u0161teli le 16,53 EUR. Keramika v beli barvi popestri vsak prostor. Dimenzije te plo\u0161\u010dice so 20&#215;50 cm. Plo\u0161\u010dica je debela kar 9 mm, kar jo uvr\u0161\u010da med bolj trde plo\u0161\u010dice. Colours Blanco je plo\u0161\u010dica proizvajalca Halcon Ceramicas in [&hellip;]<\/p>\n","protected":false},"featured_media":98171,"template":"","meta":[],"product_cat":[99946,200,220,230,999,250],"product_tag":[],"_links":{"self":[{"href":"https:\/\/www.keramika.com\/slovenija\/wp-json\/wp\/v2\/product\/98170"}],"collection":[{"href":"https:\/\/www.keramika.com\/slovenija\/wp-json\/wp\/v2\/product"}],"about":[{"href":"https:\/\/www.keramika.com\/slovenija\/wp-json\/wp\/v2\/types\/product"}],"wp:featuredmedia":[{"embeddable":true,"href":"https:\/\/www.keramika.com\/slovenija\/wp-json\/wp\/v2\/media\/98171"}],"wp:attachment":[{"href":"https:\/\/www.keramika.com\/slovenija\/wp-json\/wp\/v2\/media?parent=98170"}],"wp:term":[{"taxonomy":"product_cat","embeddable":true,"href":"https:\/\/www.keramika.com\/slovenija\/wp-json\/wp\/v2\/product_cat?post=98170"},{"taxonomy":"product_tag","embeddable":true,"href":"https:\/\/www.keramika.com\/slovenija\/wp-json\/wp\/v2\/product_tag?post=98170"}],"curies":[{"name":"wp","href":"https:\/\/api.w.org\/{rel}","templated":true}]}}