{"id":98168,"date":"2017-03-22T22:06:26","date_gmt":"2017-03-22T22:06:26","guid":{"rendered":"http:\/\/keramika.holest.com\/slovenija\/product\/colours-berenjena\/"},"modified":"2025-12-31T00:00:51","modified_gmt":"2025-12-31T00:00:51","slug":"colours-berenjena","status":"publish","type":"product","link":"https:\/\/www.keramika.com\/slovenija\/colours-berenjena\/","title":{"rendered":"Colours Berenjena"},"content":{"rendered":"<p>Colours Berenjena je na voljo po zelo ugodni ceni 16,53 EUR. Colours Berenjena prihaja iz \u0160panije, ki je znana po zelo kvalitetni keramiki v svetovnem merilu. Velikost te plo\u0161\u010dice je 20&#215;50 cm. 9 mm je debelina, ki zadovolji tudi zahtevnej\u0161e kupce. Keramika v vijoli\u010dni barvi popestri vsak prostor.<\/p>\n","protected":false},"excerpt":{"rendered":"<p>Colours Berenjena je na voljo po zelo ugodni ceni 16,53 EUR. Colours Berenjena prihaja iz \u0160panije, ki je znana po zelo kvalitetni keramiki v svetovnem merilu. Velikost te plo\u0161\u010dice je 20&#215;50 cm. 9 mm je debelina, ki zadovolji tudi zahtevnej\u0161e kupce. Keramika v vijoli\u010dni barvi popestri vsak prostor.<\/p>\n","protected":false},"featured_media":98169,"template":"","meta":[],"product_cat":[99946,200,220,230,999,250],"product_tag":[],"_links":{"self":[{"href":"https:\/\/www.keramika.com\/slovenija\/wp-json\/wp\/v2\/product\/98168"}],"collection":[{"href":"https:\/\/www.keramika.com\/slovenija\/wp-json\/wp\/v2\/product"}],"about":[{"href":"https:\/\/www.keramika.com\/slovenija\/wp-json\/wp\/v2\/types\/product"}],"wp:featuredmedia":[{"embeddable":true,"href":"https:\/\/www.keramika.com\/slovenija\/wp-json\/wp\/v2\/media\/98169"}],"wp:attachment":[{"href":"https:\/\/www.keramika.com\/slovenija\/wp-json\/wp\/v2\/media?parent=98168"}],"wp:term":[{"taxonomy":"product_cat","embeddable":true,"href":"https:\/\/www.keramika.com\/slovenija\/wp-json\/wp\/v2\/product_cat?post=98168"},{"taxonomy":"product_tag","embeddable":true,"href":"https:\/\/www.keramika.com\/slovenija\/wp-json\/wp\/v2\/product_tag?post=98168"}],"curies":[{"name":"wp","href":"https:\/\/api.w.org\/{rel}","templated":true}]}}