{"id":98166,"date":"2017-03-22T22:06:26","date_gmt":"2017-03-22T22:06:26","guid":{"rendered":"http:\/\/keramika.holest.com\/slovenija\/product\/colours-antracita\/"},"modified":"2025-12-31T00:00:51","modified_gmt":"2025-12-31T00:00:51","slug":"colours-antracita","status":"publish","type":"product","link":"https:\/\/www.keramika.com\/slovenija\/colours-antracita\/","title":{"rendered":"Colours Antracita"},"content":{"rendered":"<p>Plo\u0161\u010dica na sliki je velika 20&#215;50 cm. Pri izbiri plo\u0161\u010dice v \u010drni barvi ne morete zgre\u0161iti. 9 mm je debelina, ki zadovolji tudi zahtevnej\u0161e kupce. Colours Antracita je plo\u0161\u010dica proizvajalca Halcon Ceramicas in prihaja iz \u0160panije. 20,66 EUR v klasi\u010dni trgovini, pri nas pa le 16,53 EUR.<\/p>\n","protected":false},"excerpt":{"rendered":"<p>Plo\u0161\u010dica na sliki je velika 20&#215;50 cm. Pri izbiri plo\u0161\u010dice v \u010drni barvi ne morete zgre\u0161iti. 9 mm je debelina, ki zadovolji tudi zahtevnej\u0161e kupce. Colours Antracita je plo\u0161\u010dica proizvajalca Halcon Ceramicas in prihaja iz \u0160panije. 20,66 EUR v klasi\u010dni trgovini, pri nas pa le 16,53 EUR.<\/p>\n","protected":false},"featured_media":98167,"template":"","meta":[],"product_cat":[99946,200,220,230,999,250],"product_tag":[],"_links":{"self":[{"href":"https:\/\/www.keramika.com\/slovenija\/wp-json\/wp\/v2\/product\/98166"}],"collection":[{"href":"https:\/\/www.keramika.com\/slovenija\/wp-json\/wp\/v2\/product"}],"about":[{"href":"https:\/\/www.keramika.com\/slovenija\/wp-json\/wp\/v2\/types\/product"}],"wp:featuredmedia":[{"embeddable":true,"href":"https:\/\/www.keramika.com\/slovenija\/wp-json\/wp\/v2\/media\/98167"}],"wp:attachment":[{"href":"https:\/\/www.keramika.com\/slovenija\/wp-json\/wp\/v2\/media?parent=98166"}],"wp:term":[{"taxonomy":"product_cat","embeddable":true,"href":"https:\/\/www.keramika.com\/slovenija\/wp-json\/wp\/v2\/product_cat?post=98166"},{"taxonomy":"product_tag","embeddable":true,"href":"https:\/\/www.keramika.com\/slovenija\/wp-json\/wp\/v2\/product_tag?post=98166"}],"curies":[{"name":"wp","href":"https:\/\/api.w.org\/{rel}","templated":true}]}}