{"id":98164,"date":"2017-03-22T22:06:25","date_gmt":"2017-03-22T22:06:25","guid":{"rendered":"http:\/\/keramika.holest.com\/slovenija\/product\/prisma-pistacho\/"},"modified":"2025-12-31T00:00:51","modified_gmt":"2025-12-31T00:00:51","slug":"prisma-pistacho","status":"publish","type":"product","link":"https:\/\/www.keramika.com\/slovenija\/prisma-pistacho\/","title":{"rendered":"Prisma Pistacho"},"content":{"rendered":"<p>Z 31,6&#215;31,6 cm je ta plo\u0161\u010dica primerna za razli\u010dne podlage. Ta model plo\u0161\u010dice se najbolje prodaja v zeleni barvi. Redna cena te plo\u0161\u010dice v maloprodaji zna\u0161a 18,69 EUR, v na\u0161i spletni trgovini pa jo lahko dobite \u017ee za 14,95 EUR. Ta plo\u0161\u010dica je debela 9 mm in je zelo trpe\u017ena. Prisma Pistacho prihaja iz \u0160panije, ki je znana po zelo kvalitetni keramiki v svetovnem merilu.<\/p>\n","protected":false},"excerpt":{"rendered":"<p>Z 31,6&#215;31,6 cm je ta plo\u0161\u010dica primerna za razli\u010dne podlage. Ta model plo\u0161\u010dice se najbolje prodaja v zeleni barvi. Redna cena te plo\u0161\u010dice v maloprodaji zna\u0161a 18,69 EUR, v na\u0161i spletni trgovini pa jo lahko dobite \u017ee za 14,95 EUR. Ta plo\u0161\u010dica je debela 9 mm in je zelo trpe\u017ena. Prisma Pistacho prihaja iz \u0160panije, [&hellip;]<\/p>\n","protected":false},"featured_media":98165,"template":"","meta":[],"product_cat":[210,99946,200,999,240],"product_tag":[],"_links":{"self":[{"href":"https:\/\/www.keramika.com\/slovenija\/wp-json\/wp\/v2\/product\/98164"}],"collection":[{"href":"https:\/\/www.keramika.com\/slovenija\/wp-json\/wp\/v2\/product"}],"about":[{"href":"https:\/\/www.keramika.com\/slovenija\/wp-json\/wp\/v2\/types\/product"}],"wp:featuredmedia":[{"embeddable":true,"href":"https:\/\/www.keramika.com\/slovenija\/wp-json\/wp\/v2\/media\/98165"}],"wp:attachment":[{"href":"https:\/\/www.keramika.com\/slovenija\/wp-json\/wp\/v2\/media?parent=98164"}],"wp:term":[{"taxonomy":"product_cat","embeddable":true,"href":"https:\/\/www.keramika.com\/slovenija\/wp-json\/wp\/v2\/product_cat?post=98164"},{"taxonomy":"product_tag","embeddable":true,"href":"https:\/\/www.keramika.com\/slovenija\/wp-json\/wp\/v2\/product_tag?post=98164"}],"curies":[{"name":"wp","href":"https:\/\/api.w.org\/{rel}","templated":true}]}}