{"id":98162,"date":"2017-03-22T22:06:25","date_gmt":"2017-03-22T22:06:25","guid":{"rendered":"http:\/\/keramika.holest.com\/slovenija\/product\/prisma-negro\/"},"modified":"2025-12-31T00:00:51","modified_gmt":"2025-12-31T00:00:51","slug":"prisma-negro","status":"publish","type":"product","link":"https:\/\/www.keramika.com\/slovenija\/prisma-negro\/","title":{"rendered":"Prisma Negro"},"content":{"rendered":"<p>Prisma Negro je na voljo po zelo ugodni ceni 14,95 EUR. Letos so plo\u0161\u010dice v \u010drni barvi zelo za\u017eeljene. Prisma Negro je plo\u0161\u010dica proizvajalca Halcon Ceramicas in prihaja iz \u0160panije. \u0160irina in dol\u017eina te plo\u0161\u010dice sta 31,6&#215;31,6 cm. Debelina plo\u0161\u010dice je zelo pomembna in 9 mm uvr\u0161\u010da to plo\u0161\u010dico med najkvalitetnej\u0161e.<\/p>\n","protected":false},"excerpt":{"rendered":"<p>Prisma Negro je na voljo po zelo ugodni ceni 14,95 EUR. Letos so plo\u0161\u010dice v \u010drni barvi zelo za\u017eeljene. Prisma Negro je plo\u0161\u010dica proizvajalca Halcon Ceramicas in prihaja iz \u0160panije. \u0160irina in dol\u017eina te plo\u0161\u010dice sta 31,6&#215;31,6 cm. Debelina plo\u0161\u010dice je zelo pomembna in 9 mm uvr\u0161\u010da to plo\u0161\u010dico med najkvalitetnej\u0161e.<\/p>\n","protected":false},"featured_media":98163,"template":"","meta":[],"product_cat":[210,99946,200,999,240],"product_tag":[],"_links":{"self":[{"href":"https:\/\/www.keramika.com\/slovenija\/wp-json\/wp\/v2\/product\/98162"}],"collection":[{"href":"https:\/\/www.keramika.com\/slovenija\/wp-json\/wp\/v2\/product"}],"about":[{"href":"https:\/\/www.keramika.com\/slovenija\/wp-json\/wp\/v2\/types\/product"}],"wp:featuredmedia":[{"embeddable":true,"href":"https:\/\/www.keramika.com\/slovenija\/wp-json\/wp\/v2\/media\/98163"}],"wp:attachment":[{"href":"https:\/\/www.keramika.com\/slovenija\/wp-json\/wp\/v2\/media?parent=98162"}],"wp:term":[{"taxonomy":"product_cat","embeddable":true,"href":"https:\/\/www.keramika.com\/slovenija\/wp-json\/wp\/v2\/product_cat?post=98162"},{"taxonomy":"product_tag","embeddable":true,"href":"https:\/\/www.keramika.com\/slovenija\/wp-json\/wp\/v2\/product_tag?post=98162"}],"curies":[{"name":"wp","href":"https:\/\/api.w.org\/{rel}","templated":true}]}}