{"id":98160,"date":"2017-03-22T22:06:24","date_gmt":"2017-03-22T22:06:24","guid":{"rendered":"http:\/\/keramika.holest.com\/slovenija\/product\/prisma-lila\/"},"modified":"2025-12-31T00:00:50","modified_gmt":"2025-12-31T00:00:50","slug":"prisma-lila","status":"publish","type":"product","link":"https:\/\/www.keramika.com\/slovenija\/prisma-lila\/","title":{"rendered":"Prisma Lila"},"content":{"rendered":"<p>Velikost te plo\u0161\u010dice je 31,6&#215;31,6 cm. Ta plo\u0161\u010dica prihaja iz \u0160panije, ki je znana po kvalitetni keramiki. Debelina plo\u0161\u010dice je zelo pomembna in 9 mm uvr\u0161\u010da to plo\u0161\u010dico med najkvalitetnej\u0161e. Zaradi ni\u017ejih stro\u0161kov pri spletni prodaji boste na na\u0161i strani za to plo\u0161\u010dico od\u0161teli le 14,95 EUR. Ta kerami\u010dna plo\u0161\u010dica v \u010dudoviti vijoli\u010dni barvi bo obogatila vsak prostor.<\/p>\n","protected":false},"excerpt":{"rendered":"<p>Velikost te plo\u0161\u010dice je 31,6&#215;31,6 cm. Ta plo\u0161\u010dica prihaja iz \u0160panije, ki je znana po kvalitetni keramiki. Debelina plo\u0161\u010dice je zelo pomembna in 9 mm uvr\u0161\u010da to plo\u0161\u010dico med najkvalitetnej\u0161e. Zaradi ni\u017ejih stro\u0161kov pri spletni prodaji boste na na\u0161i strani za to plo\u0161\u010dico od\u0161teli le 14,95 EUR. Ta kerami\u010dna plo\u0161\u010dica v \u010dudoviti vijoli\u010dni barvi bo [&hellip;]<\/p>\n","protected":false},"featured_media":98161,"template":"","meta":[],"product_cat":[210,99946,200,999,240],"product_tag":[],"_links":{"self":[{"href":"https:\/\/www.keramika.com\/slovenija\/wp-json\/wp\/v2\/product\/98160"}],"collection":[{"href":"https:\/\/www.keramika.com\/slovenija\/wp-json\/wp\/v2\/product"}],"about":[{"href":"https:\/\/www.keramika.com\/slovenija\/wp-json\/wp\/v2\/types\/product"}],"wp:featuredmedia":[{"embeddable":true,"href":"https:\/\/www.keramika.com\/slovenija\/wp-json\/wp\/v2\/media\/98161"}],"wp:attachment":[{"href":"https:\/\/www.keramika.com\/slovenija\/wp-json\/wp\/v2\/media?parent=98160"}],"wp:term":[{"taxonomy":"product_cat","embeddable":true,"href":"https:\/\/www.keramika.com\/slovenija\/wp-json\/wp\/v2\/product_cat?post=98160"},{"taxonomy":"product_tag","embeddable":true,"href":"https:\/\/www.keramika.com\/slovenija\/wp-json\/wp\/v2\/product_tag?post=98160"}],"curies":[{"name":"wp","href":"https:\/\/api.w.org\/{rel}","templated":true}]}}