{"id":98158,"date":"2017-03-22T22:06:23","date_gmt":"2017-03-22T22:06:23","guid":{"rendered":"http:\/\/keramika.holest.com\/slovenija\/product\/prisma-gris\/"},"modified":"2025-12-31T00:00:50","modified_gmt":"2025-12-31T00:00:50","slug":"prisma-gris","status":"publish","type":"product","link":"https:\/\/www.keramika.com\/slovenija\/prisma-gris\/","title":{"rendered":"Prisma Gris"},"content":{"rendered":"<p>Prisma Gris prihaja iz \u0160panije, ki je znana po zelo kvalitetni keramiki v svetovnem merilu. Z velikostjo 31,6&#215;31,6 cm je ta plo\u0161\u010dica primerna ze razli\u010dne povr\u0161ine. Zaradi ni\u017ejih stro\u0161kov pri spletni prodaji boste na na\u0161i strani za to plo\u0161\u010dico od\u0161teli le 14,95 EUR. Ta plo\u0161\u010dica je debela 9 mm in je zelo trpe\u017ena. Letos so plo\u0161\u010dice v sivi barvi zelo za\u017eeljene.<\/p>\n","protected":false},"excerpt":{"rendered":"<p>Prisma Gris prihaja iz \u0160panije, ki je znana po zelo kvalitetni keramiki v svetovnem merilu. Z velikostjo 31,6&#215;31,6 cm je ta plo\u0161\u010dica primerna ze razli\u010dne povr\u0161ine. Zaradi ni\u017ejih stro\u0161kov pri spletni prodaji boste na na\u0161i strani za to plo\u0161\u010dico od\u0161teli le 14,95 EUR. Ta plo\u0161\u010dica je debela 9 mm in je zelo trpe\u017ena. Letos so [&hellip;]<\/p>\n","protected":false},"featured_media":98159,"template":"","meta":[],"product_cat":[210,99946,200,999,240],"product_tag":[],"_links":{"self":[{"href":"https:\/\/www.keramika.com\/slovenija\/wp-json\/wp\/v2\/product\/98158"}],"collection":[{"href":"https:\/\/www.keramika.com\/slovenija\/wp-json\/wp\/v2\/product"}],"about":[{"href":"https:\/\/www.keramika.com\/slovenija\/wp-json\/wp\/v2\/types\/product"}],"wp:featuredmedia":[{"embeddable":true,"href":"https:\/\/www.keramika.com\/slovenija\/wp-json\/wp\/v2\/media\/98159"}],"wp:attachment":[{"href":"https:\/\/www.keramika.com\/slovenija\/wp-json\/wp\/v2\/media?parent=98158"}],"wp:term":[{"taxonomy":"product_cat","embeddable":true,"href":"https:\/\/www.keramika.com\/slovenija\/wp-json\/wp\/v2\/product_cat?post=98158"},{"taxonomy":"product_tag","embeddable":true,"href":"https:\/\/www.keramika.com\/slovenija\/wp-json\/wp\/v2\/product_tag?post=98158"}],"curies":[{"name":"wp","href":"https:\/\/api.w.org\/{rel}","templated":true}]}}