{"id":98156,"date":"2017-03-22T22:06:22","date_gmt":"2017-03-22T22:06:22","guid":{"rendered":"http:\/\/keramika.holest.com\/slovenija\/product\/prisma-canela\/"},"modified":"2025-12-31T00:00:50","modified_gmt":"2025-12-31T00:00:50","slug":"prisma-canela","status":"publish","type":"product","link":"https:\/\/www.keramika.com\/slovenija\/prisma-canela\/","title":{"rendered":"Prisma Canela"},"content":{"rendered":"<p>Letos so plo\u0161\u010dice v rjavi barvi zelo za\u017eeljene. Zaradi ni\u017ejih stro\u0161kov pri spletni prodaji boste na na\u0161i strani za to plo\u0161\u010dico od\u0161teli le 14,95 EUR. 9 mm je debelina, ki zadovolji tudi zahtevnej\u0161e kupce. To plo\u0161\u010dico je izdelal proizvajalec Halcon Ceramicas, ki prihaja iz \u0160panije. Z velikostjo 31,6&#215;31,6 cm je ta plo\u0161\u010dica primerna ze razli\u010dne povr\u0161ine.<\/p>\n","protected":false},"excerpt":{"rendered":"<p>Letos so plo\u0161\u010dice v rjavi barvi zelo za\u017eeljene. Zaradi ni\u017ejih stro\u0161kov pri spletni prodaji boste na na\u0161i strani za to plo\u0161\u010dico od\u0161teli le 14,95 EUR. 9 mm je debelina, ki zadovolji tudi zahtevnej\u0161e kupce. To plo\u0161\u010dico je izdelal proizvajalec Halcon Ceramicas, ki prihaja iz \u0160panije. Z velikostjo 31,6&#215;31,6 cm je ta plo\u0161\u010dica primerna ze razli\u010dne [&hellip;]<\/p>\n","protected":false},"featured_media":98157,"template":"","meta":[],"product_cat":[210,99946,200,999,240],"product_tag":[],"_links":{"self":[{"href":"https:\/\/www.keramika.com\/slovenija\/wp-json\/wp\/v2\/product\/98156"}],"collection":[{"href":"https:\/\/www.keramika.com\/slovenija\/wp-json\/wp\/v2\/product"}],"about":[{"href":"https:\/\/www.keramika.com\/slovenija\/wp-json\/wp\/v2\/types\/product"}],"wp:featuredmedia":[{"embeddable":true,"href":"https:\/\/www.keramika.com\/slovenija\/wp-json\/wp\/v2\/media\/98157"}],"wp:attachment":[{"href":"https:\/\/www.keramika.com\/slovenija\/wp-json\/wp\/v2\/media?parent=98156"}],"wp:term":[{"taxonomy":"product_cat","embeddable":true,"href":"https:\/\/www.keramika.com\/slovenija\/wp-json\/wp\/v2\/product_cat?post=98156"},{"taxonomy":"product_tag","embeddable":true,"href":"https:\/\/www.keramika.com\/slovenija\/wp-json\/wp\/v2\/product_tag?post=98156"}],"curies":[{"name":"wp","href":"https:\/\/api.w.org\/{rel}","templated":true}]}}