{"id":98154,"date":"2017-03-22T22:06:22","date_gmt":"2017-03-22T22:06:22","guid":{"rendered":"http:\/\/keramika.holest.com\/slovenija\/product\/prisma-cafe\/"},"modified":"2025-12-31T00:00:50","modified_gmt":"2025-12-31T00:00:50","slug":"prisma-cafe","status":"publish","type":"product","link":"https:\/\/www.keramika.com\/slovenija\/prisma-cafe\/","title":{"rendered":"Prisma Cafe"},"content":{"rendered":"<p>9 mm je debelina, ki zadovolji tudi zahtevnej\u0161e kupce. Prisma Cafe prihaja iz \u0160panije, ki je znana po zelo kvalitetni keramiki v svetovnem merilu. Z velikostjo 31,6&#215;31,6 cm je ta plo\u0161\u010dica primerna ze razli\u010dne povr\u0161ine. Na spletu boste za to plo\u0161\u010dico od\u0161teli le 14,95 EUR, medtem ko v redni prodaji cena zna\u0161a 18,69 EUR. Ta model plo\u0161\u010dice se najbolje prodaja v rjavi barvi.<\/p>\n","protected":false},"excerpt":{"rendered":"<p>9 mm je debelina, ki zadovolji tudi zahtevnej\u0161e kupce. Prisma Cafe prihaja iz \u0160panije, ki je znana po zelo kvalitetni keramiki v svetovnem merilu. Z velikostjo 31,6&#215;31,6 cm je ta plo\u0161\u010dica primerna ze razli\u010dne povr\u0161ine. Na spletu boste za to plo\u0161\u010dico od\u0161teli le 14,95 EUR, medtem ko v redni prodaji cena zna\u0161a 18,69 EUR. Ta [&hellip;]<\/p>\n","protected":false},"featured_media":98155,"template":"","meta":[],"product_cat":[210,99946,200,999,240],"product_tag":[],"_links":{"self":[{"href":"https:\/\/www.keramika.com\/slovenija\/wp-json\/wp\/v2\/product\/98154"}],"collection":[{"href":"https:\/\/www.keramika.com\/slovenija\/wp-json\/wp\/v2\/product"}],"about":[{"href":"https:\/\/www.keramika.com\/slovenija\/wp-json\/wp\/v2\/types\/product"}],"wp:featuredmedia":[{"embeddable":true,"href":"https:\/\/www.keramika.com\/slovenija\/wp-json\/wp\/v2\/media\/98155"}],"wp:attachment":[{"href":"https:\/\/www.keramika.com\/slovenija\/wp-json\/wp\/v2\/media?parent=98154"}],"wp:term":[{"taxonomy":"product_cat","embeddable":true,"href":"https:\/\/www.keramika.com\/slovenija\/wp-json\/wp\/v2\/product_cat?post=98154"},{"taxonomy":"product_tag","embeddable":true,"href":"https:\/\/www.keramika.com\/slovenija\/wp-json\/wp\/v2\/product_tag?post=98154"}],"curies":[{"name":"wp","href":"https:\/\/api.w.org\/{rel}","templated":true}]}}