{"id":98150,"date":"2017-03-22T22:06:20","date_gmt":"2017-03-22T22:06:20","guid":{"rendered":"http:\/\/keramika.holest.com\/slovenija\/product\/prisma-azul\/"},"modified":"2025-12-31T00:00:49","modified_gmt":"2025-12-31T00:00:49","slug":"prisma-azul","status":"publish","type":"product","link":"https:\/\/www.keramika.com\/slovenija\/prisma-azul\/","title":{"rendered":"Prisma Azul"},"content":{"rendered":"<p>Ta model plo\u0161\u010dice se najbolje prodaja v modri barvi. Z 31,6&#215;31,6 cm je ta plo\u0161\u010dica primerna za razli\u010dne podlage. 9 mm debeline je dovolj tudi za zahtevnej\u0161e kupce. Redna cena te plo\u0161\u010dice v maloprodaji zna\u0161a 18,69 EUR, v na\u0161i spletni trgovini pa jo lahko dobite \u017ee za 14,95 EUR. To plo\u0161\u010dico je izdelal proizvajalec Halcon Ceramicas, ki prihaja iz \u0160panije.<\/p>\n","protected":false},"excerpt":{"rendered":"<p>Ta model plo\u0161\u010dice se najbolje prodaja v modri barvi. Z 31,6&#215;31,6 cm je ta plo\u0161\u010dica primerna za razli\u010dne podlage. 9 mm debeline je dovolj tudi za zahtevnej\u0161e kupce. Redna cena te plo\u0161\u010dice v maloprodaji zna\u0161a 18,69 EUR, v na\u0161i spletni trgovini pa jo lahko dobite \u017ee za 14,95 EUR. To plo\u0161\u010dico je izdelal proizvajalec Halcon [&hellip;]<\/p>\n","protected":false},"featured_media":98151,"template":"","meta":[],"product_cat":[210,99946,200,999,240],"product_tag":[],"_links":{"self":[{"href":"https:\/\/www.keramika.com\/slovenija\/wp-json\/wp\/v2\/product\/98150"}],"collection":[{"href":"https:\/\/www.keramika.com\/slovenija\/wp-json\/wp\/v2\/product"}],"about":[{"href":"https:\/\/www.keramika.com\/slovenija\/wp-json\/wp\/v2\/types\/product"}],"wp:featuredmedia":[{"embeddable":true,"href":"https:\/\/www.keramika.com\/slovenija\/wp-json\/wp\/v2\/media\/98151"}],"wp:attachment":[{"href":"https:\/\/www.keramika.com\/slovenija\/wp-json\/wp\/v2\/media?parent=98150"}],"wp:term":[{"taxonomy":"product_cat","embeddable":true,"href":"https:\/\/www.keramika.com\/slovenija\/wp-json\/wp\/v2\/product_cat?post=98150"},{"taxonomy":"product_tag","embeddable":true,"href":"https:\/\/www.keramika.com\/slovenija\/wp-json\/wp\/v2\/product_tag?post=98150"}],"curies":[{"name":"wp","href":"https:\/\/api.w.org\/{rel}","templated":true}]}}