{"id":98142,"date":"2017-03-22T22:06:18","date_gmt":"2017-03-22T22:06:18","guid":{"rendered":"http:\/\/keramika.holest.com\/slovenija\/product\/look-chocolate\/"},"modified":"2025-12-31T00:00:48","modified_gmt":"2025-12-31T00:00:48","slug":"look-chocolate","status":"publish","type":"product","link":"https:\/\/www.keramika.com\/slovenija\/look-chocolate\/","title":{"rendered":"Look  Chocolate"},"content":{"rendered":"<p>Plo\u0161\u010dica je debela kar 9 mm, kar jo uvr\u0161\u010da med bolj trde plo\u0161\u010dice. Ta plo\u0161\u010dica je na voljo v \u010dudoviti rjavi barvi, \u010de \u017eelite kak\u0161no drugo barvo pa nas kontaktirajte in preverili bomo pri proizvajalcu. Z 45&#215;45 cm je ta plo\u0161\u010dica primerna za razli\u010dne podlage. V redni prodaji bi morali za to plo\u0161\u010dico od\u0161teti 18,38 EUR, spletna cena pa zna\u0161a le 14,7 EUR. Look Chocolate prihaja iz \u0160panije, ki je znana po zelo kvalitetni keramiki v svetovnem merilu.<\/p>\n","protected":false},"excerpt":{"rendered":"<p>Plo\u0161\u010dica je debela kar 9 mm, kar jo uvr\u0161\u010da med bolj trde plo\u0161\u010dice. Ta plo\u0161\u010dica je na voljo v \u010dudoviti rjavi barvi, \u010de \u017eelite kak\u0161no drugo barvo pa nas kontaktirajte in preverili bomo pri proizvajalcu. Z 45&#215;45 cm je ta plo\u0161\u010dica primerna za razli\u010dne podlage. V redni prodaji bi morali za to plo\u0161\u010dico od\u0161teti 18,38 [&hellip;]<\/p>\n","protected":false},"featured_media":98143,"template":"","meta":[],"product_cat":[210,99946,200,999,240],"product_tag":[],"_links":{"self":[{"href":"https:\/\/www.keramika.com\/slovenija\/wp-json\/wp\/v2\/product\/98142"}],"collection":[{"href":"https:\/\/www.keramika.com\/slovenija\/wp-json\/wp\/v2\/product"}],"about":[{"href":"https:\/\/www.keramika.com\/slovenija\/wp-json\/wp\/v2\/types\/product"}],"wp:featuredmedia":[{"embeddable":true,"href":"https:\/\/www.keramika.com\/slovenija\/wp-json\/wp\/v2\/media\/98143"}],"wp:attachment":[{"href":"https:\/\/www.keramika.com\/slovenija\/wp-json\/wp\/v2\/media?parent=98142"}],"wp:term":[{"taxonomy":"product_cat","embeddable":true,"href":"https:\/\/www.keramika.com\/slovenija\/wp-json\/wp\/v2\/product_cat?post=98142"},{"taxonomy":"product_tag","embeddable":true,"href":"https:\/\/www.keramika.com\/slovenija\/wp-json\/wp\/v2\/product_tag?post=98142"}],"curies":[{"name":"wp","href":"https:\/\/api.w.org\/{rel}","templated":true}]}}