{"id":98136,"date":"2017-03-22T22:06:16","date_gmt":"2017-03-22T22:06:16","guid":{"rendered":"http:\/\/keramika.holest.com\/slovenija\/product\/portland-crema\/"},"modified":"2025-12-31T00:00:48","modified_gmt":"2025-12-31T00:00:48","slug":"portland-crema","status":"publish","type":"product","link":"https:\/\/www.keramika.com\/slovenija\/portland-crema\/","title":{"rendered":"Portland Crema"},"content":{"rendered":"<p>17,41 EUR v klasi\u010dni trgovini, pri nas pa le 13,92 EUR. To plo\u0161\u010dico je izdelal proizvajalec Halcon Ceramicas, ki prihaja iz \u0160panije. \u0160irina in dol\u017eina te plo\u0161\u010dice sta 45&#215;45 cm. Pri izbiri plo\u0161\u010dice v be\u017e barvi ne morete zgre\u0161iti. 9 mm je debelina, ki zadovolji tudi zahtevnej\u0161e kupce.<\/p>\n","protected":false},"excerpt":{"rendered":"<p>17,41 EUR v klasi\u010dni trgovini, pri nas pa le 13,92 EUR. To plo\u0161\u010dico je izdelal proizvajalec Halcon Ceramicas, ki prihaja iz \u0160panije. \u0160irina in dol\u017eina te plo\u0161\u010dice sta 45&#215;45 cm. Pri izbiri plo\u0161\u010dice v be\u017e barvi ne morete zgre\u0161iti. 9 mm je debelina, ki zadovolji tudi zahtevnej\u0161e kupce.<\/p>\n","protected":false},"featured_media":98137,"template":"","meta":[],"product_cat":[210,99946,200,999,240],"product_tag":[],"_links":{"self":[{"href":"https:\/\/www.keramika.com\/slovenija\/wp-json\/wp\/v2\/product\/98136"}],"collection":[{"href":"https:\/\/www.keramika.com\/slovenija\/wp-json\/wp\/v2\/product"}],"about":[{"href":"https:\/\/www.keramika.com\/slovenija\/wp-json\/wp\/v2\/types\/product"}],"wp:featuredmedia":[{"embeddable":true,"href":"https:\/\/www.keramika.com\/slovenija\/wp-json\/wp\/v2\/media\/98137"}],"wp:attachment":[{"href":"https:\/\/www.keramika.com\/slovenija\/wp-json\/wp\/v2\/media?parent=98136"}],"wp:term":[{"taxonomy":"product_cat","embeddable":true,"href":"https:\/\/www.keramika.com\/slovenija\/wp-json\/wp\/v2\/product_cat?post=98136"},{"taxonomy":"product_tag","embeddable":true,"href":"https:\/\/www.keramika.com\/slovenija\/wp-json\/wp\/v2\/product_tag?post=98136"}],"curies":[{"name":"wp","href":"https:\/\/api.w.org\/{rel}","templated":true}]}}