{"id":98130,"date":"2017-03-22T22:06:15","date_gmt":"2017-03-22T22:06:15","guid":{"rendered":"http:\/\/keramika.holest.com\/slovenija\/product\/bambu-marfil\/"},"modified":"2025-12-31T00:00:47","modified_gmt":"2025-12-31T00:00:47","slug":"bambu-marfil","status":"publish","type":"product","link":"https:\/\/www.keramika.com\/slovenija\/bambu-marfil\/","title":{"rendered":"Bambu Marfil"},"content":{"rendered":"<p>Debelina kar 9 mm dela to plo\u0161\u010dico zelo trpe\u017eno in presti\u017eno na otip. Zelo moderna plo\u0161\u010dica v rjavi barvi popestri prav vsak prostor. Bambu Marfil je pripeljana iz \u0160panije in je zelo kvalitetna. Na spletu boste za to plo\u0161\u010dico od\u0161teli le 13,92 EUR, medtem ko v redni prodaji cena zna\u0161a 17,41 EUR. Z velikostjo 25&#215;36,5 cm je ta plo\u0161\u010dica primerna ze razli\u010dne povr\u0161ine.<\/p>\n","protected":false},"excerpt":{"rendered":"<p>Debelina kar 9 mm dela to plo\u0161\u010dico zelo trpe\u017eno in presti\u017eno na otip. Zelo moderna plo\u0161\u010dica v rjavi barvi popestri prav vsak prostor. Bambu Marfil je pripeljana iz \u0160panije in je zelo kvalitetna. Na spletu boste za to plo\u0161\u010dico od\u0161teli le 13,92 EUR, medtem ko v redni prodaji cena zna\u0161a 17,41 EUR. Z velikostjo 25&#215;36,5 [&hellip;]<\/p>\n","protected":false},"featured_media":98131,"template":"","meta":[],"product_cat":[210,99946,200,999,250],"product_tag":[],"_links":{"self":[{"href":"https:\/\/www.keramika.com\/slovenija\/wp-json\/wp\/v2\/product\/98130"}],"collection":[{"href":"https:\/\/www.keramika.com\/slovenija\/wp-json\/wp\/v2\/product"}],"about":[{"href":"https:\/\/www.keramika.com\/slovenija\/wp-json\/wp\/v2\/types\/product"}],"wp:featuredmedia":[{"embeddable":true,"href":"https:\/\/www.keramika.com\/slovenija\/wp-json\/wp\/v2\/media\/98131"}],"wp:attachment":[{"href":"https:\/\/www.keramika.com\/slovenija\/wp-json\/wp\/v2\/media?parent=98130"}],"wp:term":[{"taxonomy":"product_cat","embeddable":true,"href":"https:\/\/www.keramika.com\/slovenija\/wp-json\/wp\/v2\/product_cat?post=98130"},{"taxonomy":"product_tag","embeddable":true,"href":"https:\/\/www.keramika.com\/slovenija\/wp-json\/wp\/v2\/product_tag?post=98130"}],"curies":[{"name":"wp","href":"https:\/\/api.w.org\/{rel}","templated":true}]}}