{"id":98128,"date":"2017-03-22T22:06:15","date_gmt":"2017-03-22T22:06:15","guid":{"rendered":"http:\/\/keramika.holest.com\/slovenija\/product\/bambu-beige\/"},"modified":"2025-12-31T00:00:46","modified_gmt":"2025-12-31T00:00:46","slug":"bambu-beige","status":"publish","type":"product","link":"https:\/\/www.keramika.com\/slovenija\/bambu-beige\/","title":{"rendered":"Bambu Beige"},"content":{"rendered":"<p>Prihaja iz \u0160panije, ki po svetu slovi kot ena bolj\u0161ih proizvajalk kerami\u010dnih plo\u0161\u010dic. Ta plo\u0161\u010dica je na voljo v \u010dudoviti be\u017e barvi, \u010de \u017eelite kak\u0161no drugo barvo pa nas kontaktirajte in preverili bomo pri proizvajalcu. Z velikostjo 25&#215;36,5 cm je ta plo\u0161\u010dica primerna ze razli\u010dne povr\u0161ine. V redni prodaji bi morali za to plo\u0161\u010dico od\u0161teti 17,41 EUR, spletna cena pa zna\u0161a le 13,92 EUR. 9 mm debeline je dovolj tudi za zahtevnej\u0161e kupce.<\/p>\n","protected":false},"excerpt":{"rendered":"<p>Prihaja iz \u0160panije, ki po svetu slovi kot ena bolj\u0161ih proizvajalk kerami\u010dnih plo\u0161\u010dic. Ta plo\u0161\u010dica je na voljo v \u010dudoviti be\u017e barvi, \u010de \u017eelite kak\u0161no drugo barvo pa nas kontaktirajte in preverili bomo pri proizvajalcu. Z velikostjo 25&#215;36,5 cm je ta plo\u0161\u010dica primerna ze razli\u010dne povr\u0161ine. V redni prodaji bi morali za to plo\u0161\u010dico od\u0161teti [&hellip;]<\/p>\n","protected":false},"featured_media":98129,"template":"","meta":[],"product_cat":[210,99946,200,999,250],"product_tag":[],"_links":{"self":[{"href":"https:\/\/www.keramika.com\/slovenija\/wp-json\/wp\/v2\/product\/98128"}],"collection":[{"href":"https:\/\/www.keramika.com\/slovenija\/wp-json\/wp\/v2\/product"}],"about":[{"href":"https:\/\/www.keramika.com\/slovenija\/wp-json\/wp\/v2\/types\/product"}],"wp:featuredmedia":[{"embeddable":true,"href":"https:\/\/www.keramika.com\/slovenija\/wp-json\/wp\/v2\/media\/98129"}],"wp:attachment":[{"href":"https:\/\/www.keramika.com\/slovenija\/wp-json\/wp\/v2\/media?parent=98128"}],"wp:term":[{"taxonomy":"product_cat","embeddable":true,"href":"https:\/\/www.keramika.com\/slovenija\/wp-json\/wp\/v2\/product_cat?post=98128"},{"taxonomy":"product_tag","embeddable":true,"href":"https:\/\/www.keramika.com\/slovenija\/wp-json\/wp\/v2\/product_tag?post=98128"}],"curies":[{"name":"wp","href":"https:\/\/api.w.org\/{rel}","templated":true}]}}