{"id":98126,"date":"2017-03-22T22:06:14","date_gmt":"2017-03-22T22:06:14","guid":{"rendered":"http:\/\/keramika.holest.com\/slovenija\/product\/porcelan-ploscice-60x60-super-white\/"},"modified":"2025-12-31T00:00:46","modified_gmt":"2025-12-31T00:00:46","slug":"porcelan-ploscice-60x60-super-white","status":"publish","type":"product","link":"https:\/\/www.keramika.com\/slovenija\/porcelan-ploscice-60x60-super-white\/","title":{"rendered":"Porcelan plo\u0161\u010dice 60&#215;60 Super White"},"content":{"rendered":"<p>Debelina kar 9 mm dela to plo\u0161\u010dico zelo trpe\u017eno in presti\u017eno na otip. Keramika v beli barvi popestri vsak prostor. Z 60&#215;60 cm je ta plo\u0161\u010dica primerna za razli\u010dne podlage. Porcelain tile 60&#215;60 Super White je plo\u0161\u010dica proizvajalca Halcon Ceramicas in prihaja iz \u0160panije. V redni prodaji bi morali za to plo\u0161\u010dico od\u0161teti 47,72 EUR, spletna cena pa zna\u0161a le 38,17 EUR.<\/p>\n<p><span style=\"\"color: #993300;\"><a title=\"Clik\u2026\"href=\"\/\/www.ceramictiles.com\/pdf\/e-ceramica\/porcelain_ceramic_tiles_catalogue.pdf\"target=\"_blank\"><span style=\"color: #993300;\"><strong>Porcelan plo\u0161\u010dice  &#8211; Katalog <\/strong><\/span><\/a><\/span><\/p>\n","protected":false},"excerpt":{"rendered":"<p>Debelina kar 9 mm dela to plo\u0161\u010dico zelo trpe\u017eno in presti\u017eno na otip. Keramika v beli barvi popestri vsak prostor. Z 60&#215;60 cm je ta plo\u0161\u010dica primerna za razli\u010dne podlage. Porcelain tile 60&#215;60 Super White je plo\u0161\u010dica proizvajalca Halcon Ceramicas in prihaja iz \u0160panije. V redni prodaji bi morali za to plo\u0161\u010dico od\u0161teti 47,72 EUR, [&hellip;]<\/p>\n","protected":false},"featured_media":98127,"template":"","meta":[],"product_cat":[99946,200,260,999,240],"product_tag":[],"_links":{"self":[{"href":"https:\/\/www.keramika.com\/slovenija\/wp-json\/wp\/v2\/product\/98126"}],"collection":[{"href":"https:\/\/www.keramika.com\/slovenija\/wp-json\/wp\/v2\/product"}],"about":[{"href":"https:\/\/www.keramika.com\/slovenija\/wp-json\/wp\/v2\/types\/product"}],"wp:featuredmedia":[{"embeddable":true,"href":"https:\/\/www.keramika.com\/slovenija\/wp-json\/wp\/v2\/media\/98127"}],"wp:attachment":[{"href":"https:\/\/www.keramika.com\/slovenija\/wp-json\/wp\/v2\/media?parent=98126"}],"wp:term":[{"taxonomy":"product_cat","embeddable":true,"href":"https:\/\/www.keramika.com\/slovenija\/wp-json\/wp\/v2\/product_cat?post=98126"},{"taxonomy":"product_tag","embeddable":true,"href":"https:\/\/www.keramika.com\/slovenija\/wp-json\/wp\/v2\/product_tag?post=98126"}],"curies":[{"name":"wp","href":"https:\/\/api.w.org\/{rel}","templated":true}]}}