{"id":98124,"date":"2017-03-22T22:06:14","date_gmt":"2017-03-22T22:06:14","guid":{"rendered":"http:\/\/keramika.holest.com\/slovenija\/product\/porcelan-ploscice-60x60-super-black\/"},"modified":"2025-12-31T00:00:46","modified_gmt":"2025-12-31T00:00:46","slug":"porcelan-ploscice-60x60-super-black","status":"publish","type":"product","link":"https:\/\/www.keramika.com\/slovenija\/porcelan-ploscice-60x60-super-black\/","title":{"rendered":"Porcelan plo\u0161\u010dice 60&#215;60 Super Black"},"content":{"rendered":"<p>Z velikostjo 60&#215;60 cm je ta plo\u0161\u010dica primerna ze razli\u010dne povr\u0161ine. Debelina kar 9 mm dela to plo\u0161\u010dico zelo trpe\u017eno in presti\u017eno na otip. Ta kerami\u010dna plo\u0161\u010dica v \u010dudoviti \u010drni barvi bo obogatila vsak prostor. Porcelain tile 60&#215;60 Super Black je plo\u0161\u010dica proizvajalca Halcon Ceramicas in prihaja iz \u0160panije. 47,72 EUR v klasi\u010dni trgovini, pri nas pa le 38,17 EUR.<\/p>\n<p><span style=\"\"color: #993300;\"><a title=\"Clik\u2026\"href=\"\/\/www.ceramictiles.com\/pdf\/e-ceramica\/porcelain_ceramic_tiles_catalogue.pdf\"target=\"_blank\"><span style=\"color: #993300;\"><strong>Porcelan plo\u0161\u010dice  &#8211; Katalog <\/strong><\/span><\/a><\/span><\/p>\n","protected":false},"excerpt":{"rendered":"<p>Z velikostjo 60&#215;60 cm je ta plo\u0161\u010dica primerna ze razli\u010dne povr\u0161ine. Debelina kar 9 mm dela to plo\u0161\u010dico zelo trpe\u017eno in presti\u017eno na otip. Ta kerami\u010dna plo\u0161\u010dica v \u010dudoviti \u010drni barvi bo obogatila vsak prostor. Porcelain tile 60&#215;60 Super Black je plo\u0161\u010dica proizvajalca Halcon Ceramicas in prihaja iz \u0160panije. 47,72 EUR v klasi\u010dni trgovini, pri [&hellip;]<\/p>\n","protected":false},"featured_media":98125,"template":"","meta":[],"product_cat":[99946,200,260,999,240],"product_tag":[],"_links":{"self":[{"href":"https:\/\/www.keramika.com\/slovenija\/wp-json\/wp\/v2\/product\/98124"}],"collection":[{"href":"https:\/\/www.keramika.com\/slovenija\/wp-json\/wp\/v2\/product"}],"about":[{"href":"https:\/\/www.keramika.com\/slovenija\/wp-json\/wp\/v2\/types\/product"}],"wp:featuredmedia":[{"embeddable":true,"href":"https:\/\/www.keramika.com\/slovenija\/wp-json\/wp\/v2\/media\/98125"}],"wp:attachment":[{"href":"https:\/\/www.keramika.com\/slovenija\/wp-json\/wp\/v2\/media?parent=98124"}],"wp:term":[{"taxonomy":"product_cat","embeddable":true,"href":"https:\/\/www.keramika.com\/slovenija\/wp-json\/wp\/v2\/product_cat?post=98124"},{"taxonomy":"product_tag","embeddable":true,"href":"https:\/\/www.keramika.com\/slovenija\/wp-json\/wp\/v2\/product_tag?post=98124"}],"curies":[{"name":"wp","href":"https:\/\/api.w.org\/{rel}","templated":true}]}}