{"id":98122,"date":"2017-03-22T22:06:14","date_gmt":"2017-03-22T22:06:14","guid":{"rendered":"http:\/\/keramika.holest.com\/slovenija\/product\/vidrio-grises\/"},"modified":"2025-12-31T00:00:45","modified_gmt":"2025-12-31T00:00:45","slug":"vidrio-grises","status":"publish","type":"product","link":"https:\/\/www.keramika.com\/slovenija\/vidrio-grises\/","title":{"rendered":"Vidrio Grises"},"content":{"rendered":"<p>Zaradi ni\u017ejih stro\u0161kov pri spletni prodaji boste na na\u0161i strani za ta mozaik od\u0161teli le 17,32 EUR. Vidrio Grises je pripeljana iz \u0160panije in je zelo kvalitetna. Z velikostjo mre\u017ee 30&#215;30 cm na katero je pripet, je ta mozaik primeren ze razli\u010dne povr\u0161ine. Keramika v sivi barvi popestri vsak prostor. Debelina plo\u0161\u010dice je zelo pomembna in 6 mm uvr\u0161\u010da ta mozaik med najkvalitetnej\u0161e.<\/p>\n","protected":false},"excerpt":{"rendered":"<p>Zaradi ni\u017ejih stro\u0161kov pri spletni prodaji boste na na\u0161i strani za ta mozaik od\u0161teli le 17,32 EUR. Vidrio Grises je pripeljana iz \u0160panije in je zelo kvalitetna. Z velikostjo mre\u017ee 30&#215;30 cm na katero je pripet, je ta mozaik primeren ze razli\u010dne povr\u0161ine. Keramika v sivi barvi popestri vsak prostor. Debelina plo\u0161\u010dice je zelo pomembna [&hellip;]<\/p>\n","protected":false},"featured_media":98123,"template":"","meta":[],"product_cat":[99946,400,999,430],"product_tag":[],"_links":{"self":[{"href":"https:\/\/www.keramika.com\/slovenija\/wp-json\/wp\/v2\/product\/98122"}],"collection":[{"href":"https:\/\/www.keramika.com\/slovenija\/wp-json\/wp\/v2\/product"}],"about":[{"href":"https:\/\/www.keramika.com\/slovenija\/wp-json\/wp\/v2\/types\/product"}],"wp:featuredmedia":[{"embeddable":true,"href":"https:\/\/www.keramika.com\/slovenija\/wp-json\/wp\/v2\/media\/98123"}],"wp:attachment":[{"href":"https:\/\/www.keramika.com\/slovenija\/wp-json\/wp\/v2\/media?parent=98122"}],"wp:term":[{"taxonomy":"product_cat","embeddable":true,"href":"https:\/\/www.keramika.com\/slovenija\/wp-json\/wp\/v2\/product_cat?post=98122"},{"taxonomy":"product_tag","embeddable":true,"href":"https:\/\/www.keramika.com\/slovenija\/wp-json\/wp\/v2\/product_tag?post=98122"}],"curies":[{"name":"wp","href":"https:\/\/api.w.org\/{rel}","templated":true}]}}