{"id":98120,"date":"2017-03-22T22:06:13","date_gmt":"2017-03-22T22:06:13","guid":{"rendered":"http:\/\/keramika.holest.com\/slovenija\/product\/vidrio-iris\/"},"modified":"2025-12-31T00:00:45","modified_gmt":"2025-12-31T00:00:45","slug":"vidrio-iris","status":"publish","type":"product","link":"https:\/\/www.keramika.com\/slovenija\/vidrio-iris\/","title":{"rendered":"Vidrio Iris"},"content":{"rendered":"<p>Pri izbiri mozaika v glavni beli barvi ne morete zgre\u0161iti. \u0160irina in dol\u017eina mre\u017ee na katero je pripet ta mozaik sta 32,7&#215;32,7 cm. Mre\u017eo lahko enostavno polo\u017eite na razli\u010dne povr\u0161ine. Vidrio Iris je plo\u0161\u010dica proizvajalca Halcon Ceramicas in prihaja iz \u0160panije. Debelina plo\u0161\u010dice je zelo pomembna in 6 mm uvr\u0161\u010da ta mozaik med najkvalitetnej\u0161e. Redna cena tega mozaika v maloprodaji zna\u0161a 16,22 EUR, v na\u0161i spletni trgovini pa ga lahko dobite \u017ee za 12,98 EUR.<\/p>\n","protected":false},"excerpt":{"rendered":"<p>Pri izbiri mozaika v glavni beli barvi ne morete zgre\u0161iti. \u0160irina in dol\u017eina mre\u017ee na katero je pripet ta mozaik sta 32,7&#215;32,7 cm. Mre\u017eo lahko enostavno polo\u017eite na razli\u010dne povr\u0161ine. Vidrio Iris je plo\u0161\u010dica proizvajalca Halcon Ceramicas in prihaja iz \u0160panije. Debelina plo\u0161\u010dice je zelo pomembna in 6 mm uvr\u0161\u010da ta mozaik med najkvalitetnej\u0161e. Redna [&hellip;]<\/p>\n","protected":false},"featured_media":98121,"template":"","meta":[],"product_cat":[99946,400,999,430],"product_tag":[],"_links":{"self":[{"href":"https:\/\/www.keramika.com\/slovenija\/wp-json\/wp\/v2\/product\/98120"}],"collection":[{"href":"https:\/\/www.keramika.com\/slovenija\/wp-json\/wp\/v2\/product"}],"about":[{"href":"https:\/\/www.keramika.com\/slovenija\/wp-json\/wp\/v2\/types\/product"}],"wp:featuredmedia":[{"embeddable":true,"href":"https:\/\/www.keramika.com\/slovenija\/wp-json\/wp\/v2\/media\/98121"}],"wp:attachment":[{"href":"https:\/\/www.keramika.com\/slovenija\/wp-json\/wp\/v2\/media?parent=98120"}],"wp:term":[{"taxonomy":"product_cat","embeddable":true,"href":"https:\/\/www.keramika.com\/slovenija\/wp-json\/wp\/v2\/product_cat?post=98120"},{"taxonomy":"product_tag","embeddable":true,"href":"https:\/\/www.keramika.com\/slovenija\/wp-json\/wp\/v2\/product_tag?post=98120"}],"curies":[{"name":"wp","href":"https:\/\/api.w.org\/{rel}","templated":true}]}}