{"id":98118,"date":"2017-03-22T22:06:12","date_gmt":"2017-03-22T22:06:12","guid":{"rendered":"http:\/\/keramika.holest.com\/slovenija\/product\/vidrio-champagne\/"},"modified":"2025-12-31T00:00:45","modified_gmt":"2025-12-31T00:00:45","slug":"vidrio-champagne","status":"publish","type":"product","link":"https:\/\/www.keramika.com\/slovenija\/vidrio-champagne\/","title":{"rendered":"Vidrio Champagne"},"content":{"rendered":"<p>Z velikostjo mre\u017ee 32,7&#215;32,7 cm na katero je pripet, je ta mozaik primeren ze razli\u010dne povr\u0161ine. Debelina kar 6 mm dela ta mozaik zelo trpe\u017een in presti\u017een na otip. Redna cena tega mozaika v maloprodaji zna\u0161a 15,16 EUR, v na\u0161i spletni trgovini pa ga lahko dobite \u017ee za 12,12 EUR. Letos so mozaiki v beli barvi zelo za\u017eeljeni. Ta mozaik plo\u0161\u010dica prihaja iz \u0160panije, ki je znana po kvalitetni keramiki.<\/p>\n","protected":false},"excerpt":{"rendered":"<p>Z velikostjo mre\u017ee 32,7&#215;32,7 cm na katero je pripet, je ta mozaik primeren ze razli\u010dne povr\u0161ine. Debelina kar 6 mm dela ta mozaik zelo trpe\u017een in presti\u017een na otip. Redna cena tega mozaika v maloprodaji zna\u0161a 15,16 EUR, v na\u0161i spletni trgovini pa ga lahko dobite \u017ee za 12,12 EUR. Letos so mozaiki v beli [&hellip;]<\/p>\n","protected":false},"featured_media":98119,"template":"","meta":[],"product_cat":[99946,400,999,430],"product_tag":[],"_links":{"self":[{"href":"https:\/\/www.keramika.com\/slovenija\/wp-json\/wp\/v2\/product\/98118"}],"collection":[{"href":"https:\/\/www.keramika.com\/slovenija\/wp-json\/wp\/v2\/product"}],"about":[{"href":"https:\/\/www.keramika.com\/slovenija\/wp-json\/wp\/v2\/types\/product"}],"wp:featuredmedia":[{"embeddable":true,"href":"https:\/\/www.keramika.com\/slovenija\/wp-json\/wp\/v2\/media\/98119"}],"wp:attachment":[{"href":"https:\/\/www.keramika.com\/slovenija\/wp-json\/wp\/v2\/media?parent=98118"}],"wp:term":[{"taxonomy":"product_cat","embeddable":true,"href":"https:\/\/www.keramika.com\/slovenija\/wp-json\/wp\/v2\/product_cat?post=98118"},{"taxonomy":"product_tag","embeddable":true,"href":"https:\/\/www.keramika.com\/slovenija\/wp-json\/wp\/v2\/product_tag?post=98118"}],"curies":[{"name":"wp","href":"https:\/\/api.w.org\/{rel}","templated":true}]}}