{"id":98114,"date":"2017-03-22T22:06:12","date_gmt":"2017-03-22T22:06:12","guid":{"rendered":"http:\/\/keramika.holest.com\/slovenija\/product\/vidrio-cobre-mix\/"},"modified":"2025-12-31T00:00:44","modified_gmt":"2025-12-31T00:00:44","slug":"vidrio-cobre-mix","status":"publish","type":"product","link":"https:\/\/www.keramika.com\/slovenija\/vidrio-cobre-mix\/","title":{"rendered":"Vidrio Cobre Mix"},"content":{"rendered":"<p>Debelina kar 6 mm dela ta mozaik zelo trpe\u017een in presti\u017een na otip. Keramika v rjavi barvi popestri vsak prostor. Vidrio Cobre Mix prihaja iz \u0160panije, ki je znana po zelo kvalitetni keramiki v svetovnem merilu. Redna cena tega mozaika v maloprodaji zna\u0161a 23,5 EUR, v na\u0161i spletni trgovini pa ga lahko dobite \u017ee za 18,8 EUR. Mozaik dobite pripet na mre\u017eo, kar olaj\u0161a njegovo polaganje. Velikost mre\u017ee je 32,7&#215;32,7 cm in je primerna za razli\u010dne povr\u0161ine.<\/p>\n","protected":false},"excerpt":{"rendered":"<p>Debelina kar 6 mm dela ta mozaik zelo trpe\u017een in presti\u017een na otip. Keramika v rjavi barvi popestri vsak prostor. Vidrio Cobre Mix prihaja iz \u0160panije, ki je znana po zelo kvalitetni keramiki v svetovnem merilu. Redna cena tega mozaika v maloprodaji zna\u0161a 23,5 EUR, v na\u0161i spletni trgovini pa ga lahko dobite \u017ee za [&hellip;]<\/p>\n","protected":false},"featured_media":98115,"template":"","meta":[],"product_cat":[99946,400,999,430],"product_tag":[],"_links":{"self":[{"href":"https:\/\/www.keramika.com\/slovenija\/wp-json\/wp\/v2\/product\/98114"}],"collection":[{"href":"https:\/\/www.keramika.com\/slovenija\/wp-json\/wp\/v2\/product"}],"about":[{"href":"https:\/\/www.keramika.com\/slovenija\/wp-json\/wp\/v2\/types\/product"}],"wp:featuredmedia":[{"embeddable":true,"href":"https:\/\/www.keramika.com\/slovenija\/wp-json\/wp\/v2\/media\/98115"}],"wp:attachment":[{"href":"https:\/\/www.keramika.com\/slovenija\/wp-json\/wp\/v2\/media?parent=98114"}],"wp:term":[{"taxonomy":"product_cat","embeddable":true,"href":"https:\/\/www.keramika.com\/slovenija\/wp-json\/wp\/v2\/product_cat?post=98114"},{"taxonomy":"product_tag","embeddable":true,"href":"https:\/\/www.keramika.com\/slovenija\/wp-json\/wp\/v2\/product_tag?post=98114"}],"curies":[{"name":"wp","href":"https:\/\/api.w.org\/{rel}","templated":true}]}}