{"id":98110,"date":"2017-03-22T22:06:11","date_gmt":"2017-03-22T22:06:11","guid":{"rendered":"http:\/\/keramika.holest.com\/slovenija\/product\/nacar-gris\/"},"modified":"2025-12-31T00:00:44","modified_gmt":"2025-12-31T00:00:44","slug":"nacar-gris","status":"publish","type":"product","link":"https:\/\/www.keramika.com\/slovenija\/nacar-gris\/","title":{"rendered":"Nacar Gris"},"content":{"rendered":"<p>Nacar Gris prihaja iz \u0160panije, ki je znana po zelo kvalitetni keramiki v svetovnem merilu. Na spletu boste za ta mozaik od\u0161teli le 23,1 EUR, medtem ko v redni prodaji cena zna\u0161a 28,88 EUR. Z velikostjo mre\u017ee 30&#215;30 cm na katero je pripet, je ta mozaik primeren ze razli\u010dne povr\u0161ine. 6 mm debeline je dovolj tudi za zahtevnej\u0161e kupce. Ta mozaik je na voljo v \u010dudoviti sivi prevladujo\u010di barvi, \u010de \u017eelite kak\u0161no drugo barvo pa nas kontaktirajte in preverili bomo pri proizvajalcu.<\/p>\n","protected":false},"excerpt":{"rendered":"<p>Nacar Gris prihaja iz \u0160panije, ki je znana po zelo kvalitetni keramiki v svetovnem merilu. Na spletu boste za ta mozaik od\u0161teli le 23,1 EUR, medtem ko v redni prodaji cena zna\u0161a 28,88 EUR. Z velikostjo mre\u017ee 30&#215;30 cm na katero je pripet, je ta mozaik primeren ze razli\u010dne povr\u0161ine. 6 mm debeline je dovolj [&hellip;]<\/p>\n","protected":false},"featured_media":98111,"template":"","meta":[],"product_cat":[99946,400,999,430],"product_tag":[],"_links":{"self":[{"href":"https:\/\/www.keramika.com\/slovenija\/wp-json\/wp\/v2\/product\/98110"}],"collection":[{"href":"https:\/\/www.keramika.com\/slovenija\/wp-json\/wp\/v2\/product"}],"about":[{"href":"https:\/\/www.keramika.com\/slovenija\/wp-json\/wp\/v2\/types\/product"}],"wp:featuredmedia":[{"embeddable":true,"href":"https:\/\/www.keramika.com\/slovenija\/wp-json\/wp\/v2\/media\/98111"}],"wp:attachment":[{"href":"https:\/\/www.keramika.com\/slovenija\/wp-json\/wp\/v2\/media?parent=98110"}],"wp:term":[{"taxonomy":"product_cat","embeddable":true,"href":"https:\/\/www.keramika.com\/slovenija\/wp-json\/wp\/v2\/product_cat?post=98110"},{"taxonomy":"product_tag","embeddable":true,"href":"https:\/\/www.keramika.com\/slovenija\/wp-json\/wp\/v2\/product_tag?post=98110"}],"curies":[{"name":"wp","href":"https:\/\/api.w.org\/{rel}","templated":true}]}}