{"id":98108,"date":"2017-03-22T22:06:10","date_gmt":"2017-03-22T22:06:10","guid":{"rendered":"http:\/\/keramika.holest.com\/slovenija\/product\/waves-gold\/"},"modified":"2025-12-31T00:00:44","modified_gmt":"2025-12-31T00:00:44","slug":"waves-gold","status":"publish","type":"product","link":"https:\/\/www.keramika.com\/slovenija\/waves-gold\/","title":{"rendered":"Waves Gold"},"content":{"rendered":"<p>Waves Gold prihaja iz \u0160panije, ki je znana po zelo kvalitetni keramiki v svetovnem merilu. Velikost mre\u017ee z mozaikom je 32,8&#215;28 cm, kar omogo\u010da enostavno polaganje. Debelina kar 6 mm dela ta mozaik zelo trpe\u017een in presti\u017een na otip. Na spletu boste za ta mozaik od\u0161teli le 23,1 EUR, medtem ko v redni prodaji cena zna\u0161a 28,88 EUR. Letos so mozaiki v rjavi barvi zelo za\u017eeljeni.<\/p>\n","protected":false},"excerpt":{"rendered":"<p>Waves Gold prihaja iz \u0160panije, ki je znana po zelo kvalitetni keramiki v svetovnem merilu. Velikost mre\u017ee z mozaikom je 32,8&#215;28 cm, kar omogo\u010da enostavno polaganje. Debelina kar 6 mm dela ta mozaik zelo trpe\u017een in presti\u017een na otip. Na spletu boste za ta mozaik od\u0161teli le 23,1 EUR, medtem ko v redni prodaji cena [&hellip;]<\/p>\n","protected":false},"featured_media":98109,"template":"","meta":[],"product_cat":[99946,400,999,430],"product_tag":[],"_links":{"self":[{"href":"https:\/\/www.keramika.com\/slovenija\/wp-json\/wp\/v2\/product\/98108"}],"collection":[{"href":"https:\/\/www.keramika.com\/slovenija\/wp-json\/wp\/v2\/product"}],"about":[{"href":"https:\/\/www.keramika.com\/slovenija\/wp-json\/wp\/v2\/types\/product"}],"wp:featuredmedia":[{"embeddable":true,"href":"https:\/\/www.keramika.com\/slovenija\/wp-json\/wp\/v2\/media\/98109"}],"wp:attachment":[{"href":"https:\/\/www.keramika.com\/slovenija\/wp-json\/wp\/v2\/media?parent=98108"}],"wp:term":[{"taxonomy":"product_cat","embeddable":true,"href":"https:\/\/www.keramika.com\/slovenija\/wp-json\/wp\/v2\/product_cat?post=98108"},{"taxonomy":"product_tag","embeddable":true,"href":"https:\/\/www.keramika.com\/slovenija\/wp-json\/wp\/v2\/product_tag?post=98108"}],"curies":[{"name":"wp","href":"https:\/\/api.w.org\/{rel}","templated":true}]}}