{"id":98104,"date":"2017-03-22T22:06:10","date_gmt":"2017-03-22T22:06:10","guid":{"rendered":"http:\/\/keramika.holest.com\/slovenija\/product\/piedra-arena-irregular\/"},"modified":"2025-12-31T00:00:44","modified_gmt":"2025-12-31T00:00:44","slug":"piedra-arena-irregular","status":"publish","type":"product","link":"https:\/\/www.keramika.com\/slovenija\/piedra-arena-irregular\/","title":{"rendered":"Piedra Arena Irregular"},"content":{"rendered":"<p>Namesto 26,56 EUR kot bi za ta mozaik od\u0161teli v klasi\u010dni trgovini, boste v na\u0161i spletni prodajalni od\u0161teli le 21,25 EUR. 6 mm je debelina, ki zadovolji tudi zahtevnej\u0161e kupce. Mozaik na sliki je pripet na mre\u017eo, kar olaj\u0161a njegovo polaganje. Mre\u017ea je velika 27&#215;27 cm. Ta mozaik je na voljo v \u010dudoviti rjavi prevladujo\u010di barvi, \u010de \u017eelite kak\u0161no drugo barvo pa nas kontaktirajte in preverili bomo pri proizvajalcu. Piedra Arena Irregular je plo\u0161\u010dica proizvajalca Halcon Ceramicas in prihaja iz \u0160panije.<\/p>\n","protected":false},"excerpt":{"rendered":"<p>Namesto 26,56 EUR kot bi za ta mozaik od\u0161teli v klasi\u010dni trgovini, boste v na\u0161i spletni prodajalni od\u0161teli le 21,25 EUR. 6 mm je debelina, ki zadovolji tudi zahtevnej\u0161e kupce. Mozaik na sliki je pripet na mre\u017eo, kar olaj\u0161a njegovo polaganje. Mre\u017ea je velika 27&#215;27 cm. Ta mozaik je na voljo v \u010dudoviti rjavi prevladujo\u010di [&hellip;]<\/p>\n","protected":false},"featured_media":98105,"template":"","meta":[],"product_cat":[99946,420,400,999],"product_tag":[],"_links":{"self":[{"href":"https:\/\/www.keramika.com\/slovenija\/wp-json\/wp\/v2\/product\/98104"}],"collection":[{"href":"https:\/\/www.keramika.com\/slovenija\/wp-json\/wp\/v2\/product"}],"about":[{"href":"https:\/\/www.keramika.com\/slovenija\/wp-json\/wp\/v2\/types\/product"}],"wp:featuredmedia":[{"embeddable":true,"href":"https:\/\/www.keramika.com\/slovenija\/wp-json\/wp\/v2\/media\/98105"}],"wp:attachment":[{"href":"https:\/\/www.keramika.com\/slovenija\/wp-json\/wp\/v2\/media?parent=98104"}],"wp:term":[{"taxonomy":"product_cat","embeddable":true,"href":"https:\/\/www.keramika.com\/slovenija\/wp-json\/wp\/v2\/product_cat?post=98104"},{"taxonomy":"product_tag","embeddable":true,"href":"https:\/\/www.keramika.com\/slovenija\/wp-json\/wp\/v2\/product_tag?post=98104"}],"curies":[{"name":"wp","href":"https:\/\/api.w.org\/{rel}","templated":true}]}}