{"id":98100,"date":"2017-03-22T22:06:09","date_gmt":"2017-03-22T22:06:09","guid":{"rendered":"http:\/\/keramika.holest.com\/slovenija\/product\/piedra-gris-mix\/"},"modified":"2025-12-31T00:00:43","modified_gmt":"2025-12-31T00:00:43","slug":"piedra-gris-mix","status":"publish","type":"product","link":"https:\/\/www.keramika.com\/slovenija\/piedra-gris-mix\/","title":{"rendered":"Piedra Gris Mix"},"content":{"rendered":"<p>Mozaik dobite pripet na mre\u017eo, kar olaj\u0161a njegovo polaganje. Velikost mre\u017ee je 30,4&#215;30,4 cm in je primerna za razli\u010dne povr\u0161ine. Zaradi ni\u017ejih stro\u0161kov pri spletni prodaji boste na na\u0161i strani za ta mozaik od\u0161teli le 18,8 EUR. Letos so mozaiki v sivi barvi zelo za\u017eeljeni. Piedra Gris Mix je pripeljana iz \u0160panije in je zelo kvalitetna. 6 mm je debelina, ki zadovolji tudi zahtevnej\u0161e kupce.<\/p>\n","protected":false},"excerpt":{"rendered":"<p>Mozaik dobite pripet na mre\u017eo, kar olaj\u0161a njegovo polaganje. Velikost mre\u017ee je 30,4&#215;30,4 cm in je primerna za razli\u010dne povr\u0161ine. Zaradi ni\u017ejih stro\u0161kov pri spletni prodaji boste na na\u0161i strani za ta mozaik od\u0161teli le 18,8 EUR. Letos so mozaiki v sivi barvi zelo za\u017eeljeni. Piedra Gris Mix je pripeljana iz \u0160panije in je zelo [&hellip;]<\/p>\n","protected":false},"featured_media":98101,"template":"","meta":[],"product_cat":[99946,420,400,999],"product_tag":[],"_links":{"self":[{"href":"https:\/\/www.keramika.com\/slovenija\/wp-json\/wp\/v2\/product\/98100"}],"collection":[{"href":"https:\/\/www.keramika.com\/slovenija\/wp-json\/wp\/v2\/product"}],"about":[{"href":"https:\/\/www.keramika.com\/slovenija\/wp-json\/wp\/v2\/types\/product"}],"wp:featuredmedia":[{"embeddable":true,"href":"https:\/\/www.keramika.com\/slovenija\/wp-json\/wp\/v2\/media\/98101"}],"wp:attachment":[{"href":"https:\/\/www.keramika.com\/slovenija\/wp-json\/wp\/v2\/media?parent=98100"}],"wp:term":[{"taxonomy":"product_cat","embeddable":true,"href":"https:\/\/www.keramika.com\/slovenija\/wp-json\/wp\/v2\/product_cat?post=98100"},{"taxonomy":"product_tag","embeddable":true,"href":"https:\/\/www.keramika.com\/slovenija\/wp-json\/wp\/v2\/product_tag?post=98100"}],"curies":[{"name":"wp","href":"https:\/\/api.w.org\/{rel}","templated":true}]}}