{"id":98098,"date":"2017-03-22T22:06:08","date_gmt":"2017-03-22T22:06:08","guid":{"rendered":"http:\/\/keramika.holest.com\/slovenija\/product\/piedra-gris-mini-mix\/"},"modified":"2025-12-31T00:00:43","modified_gmt":"2025-12-31T00:00:43","slug":"piedra-gris-mini-mix","status":"publish","type":"product","link":"https:\/\/www.keramika.com\/slovenija\/piedra-gris-mini-mix\/","title":{"rendered":"Piedra Gris Mini Mix"},"content":{"rendered":"<p>Piedra Gris Mini Mix je na voljo po zelo ugodni ceni 17,32 EUR. Zelo moderen mozaik v dominanti sivi barvi popestri prav vsak prostor. 6 mm je debelina, ki zadovolji tudi zahtevnej\u0161e kupce. Z velikostjo mre\u017ee 30,4&#215;30,4 cm na katero je pripet, je ta mozaik primeren ze razli\u010dne povr\u0161ine. Ta mozaik je izdelal proizvajalec Halcon Ceramicas, ki prihaja iz \u0160panije.<\/p>\n","protected":false},"excerpt":{"rendered":"<p>Piedra Gris Mini Mix je na voljo po zelo ugodni ceni 17,32 EUR. Zelo moderen mozaik v dominanti sivi barvi popestri prav vsak prostor. 6 mm je debelina, ki zadovolji tudi zahtevnej\u0161e kupce. Z velikostjo mre\u017ee 30,4&#215;30,4 cm na katero je pripet, je ta mozaik primeren ze razli\u010dne povr\u0161ine. Ta mozaik je izdelal proizvajalec Halcon [&hellip;]<\/p>\n","protected":false},"featured_media":98099,"template":"","meta":[],"product_cat":[99946,420,400,999],"product_tag":[],"_links":{"self":[{"href":"https:\/\/www.keramika.com\/slovenija\/wp-json\/wp\/v2\/product\/98098"}],"collection":[{"href":"https:\/\/www.keramika.com\/slovenija\/wp-json\/wp\/v2\/product"}],"about":[{"href":"https:\/\/www.keramika.com\/slovenija\/wp-json\/wp\/v2\/types\/product"}],"wp:featuredmedia":[{"embeddable":true,"href":"https:\/\/www.keramika.com\/slovenija\/wp-json\/wp\/v2\/media\/98099"}],"wp:attachment":[{"href":"https:\/\/www.keramika.com\/slovenija\/wp-json\/wp\/v2\/media?parent=98098"}],"wp:term":[{"taxonomy":"product_cat","embeddable":true,"href":"https:\/\/www.keramika.com\/slovenija\/wp-json\/wp\/v2\/product_cat?post=98098"},{"taxonomy":"product_tag","embeddable":true,"href":"https:\/\/www.keramika.com\/slovenija\/wp-json\/wp\/v2\/product_tag?post=98098"}],"curies":[{"name":"wp","href":"https:\/\/api.w.org\/{rel}","templated":true}]}}