{"id":98096,"date":"2017-03-22T22:06:08","date_gmt":"2017-03-22T22:06:08","guid":{"rendered":"http:\/\/keramika.holest.com\/slovenija\/product\/piedra-arena-boatine\/"},"modified":"2025-12-31T00:00:43","modified_gmt":"2025-12-31T00:00:43","slug":"piedra-arena-boatine","status":"publish","type":"product","link":"https:\/\/www.keramika.com\/slovenija\/piedra-arena-boatine\/","title":{"rendered":"Piedra Arena Boatine"},"content":{"rendered":"<p>Mozaik dobite pripet na mre\u017eo, kar olaj\u0161a njegovo polaganje. Velikost mre\u017ee je 32&#215;28 cm in je primerna za razli\u010dne povr\u0161ine. Namesto 48,44 EUR kot bi za ta mozaik od\u0161teli v klasi\u010dni trgovini, boste v na\u0161i spletni prodajalni od\u0161teli le 38,75 EUR. 6 mm je debelina, ki zadovolji tudi zahtevnej\u0161e kupce. Pri izbiri mozaika v glavni rjavi barvi ne morete zgre\u0161iti. Prihaja iz \u0160panije, ki po svetu slovi kot ena bolj\u0161ih proizvajalk kerami\u010dnih plo\u0161\u010dic.<\/p>\n","protected":false},"excerpt":{"rendered":"<p>Mozaik dobite pripet na mre\u017eo, kar olaj\u0161a njegovo polaganje. Velikost mre\u017ee je 32&#215;28 cm in je primerna za razli\u010dne povr\u0161ine. Namesto 48,44 EUR kot bi za ta mozaik od\u0161teli v klasi\u010dni trgovini, boste v na\u0161i spletni prodajalni od\u0161teli le 38,75 EUR. 6 mm je debelina, ki zadovolji tudi zahtevnej\u0161e kupce. Pri izbiri mozaika v glavni [&hellip;]<\/p>\n","protected":false},"featured_media":98097,"template":"","meta":[],"product_cat":[99946,420,400,999],"product_tag":[],"_links":{"self":[{"href":"https:\/\/www.keramika.com\/slovenija\/wp-json\/wp\/v2\/product\/98096"}],"collection":[{"href":"https:\/\/www.keramika.com\/slovenija\/wp-json\/wp\/v2\/product"}],"about":[{"href":"https:\/\/www.keramika.com\/slovenija\/wp-json\/wp\/v2\/types\/product"}],"wp:featuredmedia":[{"embeddable":true,"href":"https:\/\/www.keramika.com\/slovenija\/wp-json\/wp\/v2\/media\/98097"}],"wp:attachment":[{"href":"https:\/\/www.keramika.com\/slovenija\/wp-json\/wp\/v2\/media?parent=98096"}],"wp:term":[{"taxonomy":"product_cat","embeddable":true,"href":"https:\/\/www.keramika.com\/slovenija\/wp-json\/wp\/v2\/product_cat?post=98096"},{"taxonomy":"product_tag","embeddable":true,"href":"https:\/\/www.keramika.com\/slovenija\/wp-json\/wp\/v2\/product_tag?post=98096"}],"curies":[{"name":"wp","href":"https:\/\/api.w.org\/{rel}","templated":true}]}}