{"id":98094,"date":"2017-03-22T22:06:07","date_gmt":"2017-03-22T22:06:07","guid":{"rendered":"http:\/\/keramika.holest.com\/slovenija\/product\/piedra-trencadis-gris\/"},"modified":"2025-12-31T00:00:43","modified_gmt":"2025-12-31T00:00:43","slug":"piedra-trencadis-gris","status":"publish","type":"product","link":"https:\/\/www.keramika.com\/slovenija\/piedra-trencadis-gris\/","title":{"rendered":"Piedra Trencadis Gris"},"content":{"rendered":"<p>Letos so mozaiki v sivi barvi zelo za\u017eeljeni. Debelina kar 6 mm dela ta mozaik zelo trpe\u017een in presti\u017een na otip. Piedra Trencadis Gris je na voljo po zelo ugodni ceni 12,75 EUR. Dimenzije mre\u017ee na katero je pripet ta mozaik so 30,4&#215;30,4 cm. Mre\u017ea omogo\u010da enostavnej\u0161e polaganje. Piedra Trencadis Gris je plo\u0161\u010dica proizvajalca Halcon Ceramicas in prihaja iz \u0160panije.<\/p>\n","protected":false},"excerpt":{"rendered":"<p>Letos so mozaiki v sivi barvi zelo za\u017eeljeni. Debelina kar 6 mm dela ta mozaik zelo trpe\u017een in presti\u017een na otip. Piedra Trencadis Gris je na voljo po zelo ugodni ceni 12,75 EUR. Dimenzije mre\u017ee na katero je pripet ta mozaik so 30,4&#215;30,4 cm. Mre\u017ea omogo\u010da enostavnej\u0161e polaganje. Piedra Trencadis Gris je plo\u0161\u010dica proizvajalca Halcon [&hellip;]<\/p>\n","protected":false},"featured_media":98095,"template":"","meta":[],"product_cat":[99946,420,400,999],"product_tag":[],"_links":{"self":[{"href":"https:\/\/www.keramika.com\/slovenija\/wp-json\/wp\/v2\/product\/98094"}],"collection":[{"href":"https:\/\/www.keramika.com\/slovenija\/wp-json\/wp\/v2\/product"}],"about":[{"href":"https:\/\/www.keramika.com\/slovenija\/wp-json\/wp\/v2\/types\/product"}],"wp:featuredmedia":[{"embeddable":true,"href":"https:\/\/www.keramika.com\/slovenija\/wp-json\/wp\/v2\/media\/98095"}],"wp:attachment":[{"href":"https:\/\/www.keramika.com\/slovenija\/wp-json\/wp\/v2\/media?parent=98094"}],"wp:term":[{"taxonomy":"product_cat","embeddable":true,"href":"https:\/\/www.keramika.com\/slovenija\/wp-json\/wp\/v2\/product_cat?post=98094"},{"taxonomy":"product_tag","embeddable":true,"href":"https:\/\/www.keramika.com\/slovenija\/wp-json\/wp\/v2\/product_tag?post=98094"}],"curies":[{"name":"wp","href":"https:\/\/api.w.org\/{rel}","templated":true}]}}