{"id":98092,"date":"2017-03-22T22:06:07","date_gmt":"2017-03-22T22:06:07","guid":{"rendered":"http:\/\/keramika.holest.com\/slovenija\/product\/piedra-trencadis-blanco\/"},"modified":"2025-12-31T00:00:42","modified_gmt":"2025-12-31T00:00:42","slug":"piedra-trencadis-blanco","status":"publish","type":"product","link":"https:\/\/www.keramika.com\/slovenija\/piedra-trencadis-blanco\/","title":{"rendered":"Piedra Trencadis Blanco"},"content":{"rendered":"<p>Mozaik dobite pripet na mre\u017eo, kar olaj\u0161a njegovo polaganje. Velikost mre\u017ee je 30,4&#215;30,4 cm in je primerna za razli\u010dne povr\u0161ine. Piedra Trencadis Blanco je na voljo po zelo ugodni ceni 16,2 EUR. 6 mm je debelina, ki zadovolji tudi zahtevnej\u0161e kupce. Ta mozaik je izdelal proizvajalec Halcon Ceramicas, ki prihaja iz \u0160panije. Ta model mozaik plo\u0161\u010dic se najbolje prodaja v beli barvi.<\/p>\n","protected":false},"excerpt":{"rendered":"<p>Mozaik dobite pripet na mre\u017eo, kar olaj\u0161a njegovo polaganje. Velikost mre\u017ee je 30,4&#215;30,4 cm in je primerna za razli\u010dne povr\u0161ine. Piedra Trencadis Blanco je na voljo po zelo ugodni ceni 16,2 EUR. 6 mm je debelina, ki zadovolji tudi zahtevnej\u0161e kupce. Ta mozaik je izdelal proizvajalec Halcon Ceramicas, ki prihaja iz \u0160panije. Ta model mozaik [&hellip;]<\/p>\n","protected":false},"featured_media":98093,"template":"","meta":[],"product_cat":[99946,420,400,999],"product_tag":[],"_links":{"self":[{"href":"https:\/\/www.keramika.com\/slovenija\/wp-json\/wp\/v2\/product\/98092"}],"collection":[{"href":"https:\/\/www.keramika.com\/slovenija\/wp-json\/wp\/v2\/product"}],"about":[{"href":"https:\/\/www.keramika.com\/slovenija\/wp-json\/wp\/v2\/types\/product"}],"wp:featuredmedia":[{"embeddable":true,"href":"https:\/\/www.keramika.com\/slovenija\/wp-json\/wp\/v2\/media\/98093"}],"wp:attachment":[{"href":"https:\/\/www.keramika.com\/slovenija\/wp-json\/wp\/v2\/media?parent=98092"}],"wp:term":[{"taxonomy":"product_cat","embeddable":true,"href":"https:\/\/www.keramika.com\/slovenija\/wp-json\/wp\/v2\/product_cat?post=98092"},{"taxonomy":"product_tag","embeddable":true,"href":"https:\/\/www.keramika.com\/slovenija\/wp-json\/wp\/v2\/product_tag?post=98092"}],"curies":[{"name":"wp","href":"https:\/\/api.w.org\/{rel}","templated":true}]}}