{"id":98090,"date":"2017-03-22T22:06:06","date_gmt":"2017-03-22T22:06:06","guid":{"rendered":"http:\/\/keramika.holest.com\/slovenija\/product\/piedra-gris-stratos\/"},"modified":"2025-12-31T00:00:42","modified_gmt":"2025-12-31T00:00:42","slug":"piedra-gris-stratos","status":"publish","type":"product","link":"https:\/\/www.keramika.com\/slovenija\/piedra-gris-stratos\/","title":{"rendered":"Piedra Gris Stratos"},"content":{"rendered":"<p>Keramika v sivi barvi popestri vsak prostor. Z velikostjo mre\u017ee 29,8&#215;29,8 cm na katero je pripet, je ta mozaik primeren ze razli\u010dne povr\u0161ine. Zaradi ni\u017ejih stro\u0161kov pri spletni prodaji boste na na\u0161i strani za ta mozaik od\u0161teli le 25,05 EUR. Ta mozaik je izdelal proizvajalec Halcon Ceramicas, ki prihaja iz \u0160panije. 6 mm je debelina, ki zadovolji tudi zahtevnej\u0161e kupce.<\/p>\n","protected":false},"excerpt":{"rendered":"<p>Keramika v sivi barvi popestri vsak prostor. Z velikostjo mre\u017ee 29,8&#215;29,8 cm na katero je pripet, je ta mozaik primeren ze razli\u010dne povr\u0161ine. Zaradi ni\u017ejih stro\u0161kov pri spletni prodaji boste na na\u0161i strani za ta mozaik od\u0161teli le 25,05 EUR. Ta mozaik je izdelal proizvajalec Halcon Ceramicas, ki prihaja iz \u0160panije. 6 mm je debelina, [&hellip;]<\/p>\n","protected":false},"featured_media":98091,"template":"","meta":[],"product_cat":[99946,420,400,999],"product_tag":[],"_links":{"self":[{"href":"https:\/\/www.keramika.com\/slovenija\/wp-json\/wp\/v2\/product\/98090"}],"collection":[{"href":"https:\/\/www.keramika.com\/slovenija\/wp-json\/wp\/v2\/product"}],"about":[{"href":"https:\/\/www.keramika.com\/slovenija\/wp-json\/wp\/v2\/types\/product"}],"wp:featuredmedia":[{"embeddable":true,"href":"https:\/\/www.keramika.com\/slovenija\/wp-json\/wp\/v2\/media\/98091"}],"wp:attachment":[{"href":"https:\/\/www.keramika.com\/slovenija\/wp-json\/wp\/v2\/media?parent=98090"}],"wp:term":[{"taxonomy":"product_cat","embeddable":true,"href":"https:\/\/www.keramika.com\/slovenija\/wp-json\/wp\/v2\/product_cat?post=98090"},{"taxonomy":"product_tag","embeddable":true,"href":"https:\/\/www.keramika.com\/slovenija\/wp-json\/wp\/v2\/product_tag?post=98090"}],"curies":[{"name":"wp","href":"https:\/\/api.w.org\/{rel}","templated":true}]}}