{"id":98088,"date":"2017-03-22T22:06:06","date_gmt":"2017-03-22T22:06:06","guid":{"rendered":"http:\/\/keramika.holest.com\/slovenija\/product\/piedra-gris\/"},"modified":"2025-12-31T00:00:42","modified_gmt":"2025-12-31T00:00:42","slug":"piedra-gris","status":"publish","type":"product","link":"https:\/\/www.keramika.com\/slovenija\/piedra-gris\/","title":{"rendered":"Piedra Gris"},"content":{"rendered":"<p>Letos so mozaiki v sivi barvi zelo za\u017eeljeni. Zaradi ni\u017ejih stro\u0161kov pri spletni prodaji boste na na\u0161i strani za ta mozaik od\u0161teli le 29,22 EUR. Z 30&#215;30 cm je mre\u017ea na katero so pripete te mozaik plo\u0161\u010dice primerna za razli\u010dne podlage. Ta mozaik plo\u0161\u010dica prihaja iz \u0160panije, ki je znana po kvalitetni keramiki. 6 mm je debelina, ki zadovolji tudi zahtevnej\u0161e kupce.<\/p>\n","protected":false},"excerpt":{"rendered":"<p>Letos so mozaiki v sivi barvi zelo za\u017eeljeni. Zaradi ni\u017ejih stro\u0161kov pri spletni prodaji boste na na\u0161i strani za ta mozaik od\u0161teli le 29,22 EUR. Z 30&#215;30 cm je mre\u017ea na katero so pripete te mozaik plo\u0161\u010dice primerna za razli\u010dne podlage. Ta mozaik plo\u0161\u010dica prihaja iz \u0160panije, ki je znana po kvalitetni keramiki. 6 mm [&hellip;]<\/p>\n","protected":false},"featured_media":98089,"template":"","meta":[],"product_cat":[99946,420,400,999],"product_tag":[],"_links":{"self":[{"href":"https:\/\/www.keramika.com\/slovenija\/wp-json\/wp\/v2\/product\/98088"}],"collection":[{"href":"https:\/\/www.keramika.com\/slovenija\/wp-json\/wp\/v2\/product"}],"about":[{"href":"https:\/\/www.keramika.com\/slovenija\/wp-json\/wp\/v2\/types\/product"}],"wp:featuredmedia":[{"embeddable":true,"href":"https:\/\/www.keramika.com\/slovenija\/wp-json\/wp\/v2\/media\/98089"}],"wp:attachment":[{"href":"https:\/\/www.keramika.com\/slovenija\/wp-json\/wp\/v2\/media?parent=98088"}],"wp:term":[{"taxonomy":"product_cat","embeddable":true,"href":"https:\/\/www.keramika.com\/slovenija\/wp-json\/wp\/v2\/product_cat?post=98088"},{"taxonomy":"product_tag","embeddable":true,"href":"https:\/\/www.keramika.com\/slovenija\/wp-json\/wp\/v2\/product_tag?post=98088"}],"curies":[{"name":"wp","href":"https:\/\/api.w.org\/{rel}","templated":true}]}}