{"id":98086,"date":"2017-03-22T22:06:06","date_gmt":"2017-03-22T22:06:06","guid":{"rendered":"http:\/\/keramika.holest.com\/slovenija\/product\/piedra-beige\/"},"modified":"2025-12-31T00:00:42","modified_gmt":"2025-12-31T00:00:42","slug":"piedra-beige","status":"publish","type":"product","link":"https:\/\/www.keramika.com\/slovenija\/piedra-beige\/","title":{"rendered":"Piedra Beige"},"content":{"rendered":"<p>Debelina plo\u0161\u010dice je zelo pomembna in 6 mm uvr\u0161\u010da ta mozaik med najkvalitetnej\u0161e. Ta mozaik plo\u0161\u010dica prihaja iz \u0160panije, ki je znana po kvalitetni keramiki. Redna cena tega mozaika v maloprodaji zna\u0161a 36,53 EUR, v na\u0161i spletni trgovini pa ga lahko dobite \u017ee za 29,22 EUR. Keramika v be\u017e barvi popestri vsak prostor. Dimenzije mre\u017ee na katero je pripet ta mozaik so 30&#215;30 cm. Mre\u017ea omogo\u010da enostavnej\u0161e polaganje.<\/p>\n","protected":false},"excerpt":{"rendered":"<p>Debelina plo\u0161\u010dice je zelo pomembna in 6 mm uvr\u0161\u010da ta mozaik med najkvalitetnej\u0161e. Ta mozaik plo\u0161\u010dica prihaja iz \u0160panije, ki je znana po kvalitetni keramiki. Redna cena tega mozaika v maloprodaji zna\u0161a 36,53 EUR, v na\u0161i spletni trgovini pa ga lahko dobite \u017ee za 29,22 EUR. Keramika v be\u017e barvi popestri vsak prostor. Dimenzije mre\u017ee [&hellip;]<\/p>\n","protected":false},"featured_media":98087,"template":"","meta":[],"product_cat":[99946,420,400,999],"product_tag":[],"_links":{"self":[{"href":"https:\/\/www.keramika.com\/slovenija\/wp-json\/wp\/v2\/product\/98086"}],"collection":[{"href":"https:\/\/www.keramika.com\/slovenija\/wp-json\/wp\/v2\/product"}],"about":[{"href":"https:\/\/www.keramika.com\/slovenija\/wp-json\/wp\/v2\/types\/product"}],"wp:featuredmedia":[{"embeddable":true,"href":"https:\/\/www.keramika.com\/slovenija\/wp-json\/wp\/v2\/media\/98087"}],"wp:attachment":[{"href":"https:\/\/www.keramika.com\/slovenija\/wp-json\/wp\/v2\/media?parent=98086"}],"wp:term":[{"taxonomy":"product_cat","embeddable":true,"href":"https:\/\/www.keramika.com\/slovenija\/wp-json\/wp\/v2\/product_cat?post=98086"},{"taxonomy":"product_tag","embeddable":true,"href":"https:\/\/www.keramika.com\/slovenija\/wp-json\/wp\/v2\/product_tag?post=98086"}],"curies":[{"name":"wp","href":"https:\/\/api.w.org\/{rel}","templated":true}]}}