{"id":98082,"date":"2017-03-22T22:06:05","date_gmt":"2017-03-22T22:06:05","guid":{"rendered":"http:\/\/keramika.holest.com\/slovenija\/product\/piedra-negro-mix\/"},"modified":"2025-12-31T00:00:42","modified_gmt":"2025-12-31T00:00:42","slug":"piedra-negro-mix","status":"publish","type":"product","link":"https:\/\/www.keramika.com\/slovenija\/piedra-negro-mix\/","title":{"rendered":"Piedra Negro Mix"},"content":{"rendered":"<p>Mozaik na sliki je pripet na mre\u017eo, kar olaj\u0161a njegovo polaganje. Mre\u017ea je velika 30&#215;30 cm. Piedra Negro Mix je pripeljana iz \u0160panije in je zelo kvalitetna. Zelo moderen mozaik v dominanti beli barvi popestri prav vsak prostor. Na spletu boste za ta mozaik od\u0161teli le 17,32 EUR, medtem ko v redni prodaji cena zna\u0161a 21,66 EUR. Mozaik je debel kar 6 mm, kar ga uvr\u0161\u010da med bolj trde mozaik plo\u0161\u010dice.<\/p>\n","protected":false},"excerpt":{"rendered":"<p>Mozaik na sliki je pripet na mre\u017eo, kar olaj\u0161a njegovo polaganje. Mre\u017ea je velika 30&#215;30 cm. Piedra Negro Mix je pripeljana iz \u0160panije in je zelo kvalitetna. Zelo moderen mozaik v dominanti beli barvi popestri prav vsak prostor. Na spletu boste za ta mozaik od\u0161teli le 17,32 EUR, medtem ko v redni prodaji cena zna\u0161a [&hellip;]<\/p>\n","protected":false},"featured_media":98083,"template":"","meta":[],"product_cat":[99946,420,400,999],"product_tag":[],"_links":{"self":[{"href":"https:\/\/www.keramika.com\/slovenija\/wp-json\/wp\/v2\/product\/98082"}],"collection":[{"href":"https:\/\/www.keramika.com\/slovenija\/wp-json\/wp\/v2\/product"}],"about":[{"href":"https:\/\/www.keramika.com\/slovenija\/wp-json\/wp\/v2\/types\/product"}],"wp:featuredmedia":[{"embeddable":true,"href":"https:\/\/www.keramika.com\/slovenija\/wp-json\/wp\/v2\/media\/98083"}],"wp:attachment":[{"href":"https:\/\/www.keramika.com\/slovenija\/wp-json\/wp\/v2\/media?parent=98082"}],"wp:term":[{"taxonomy":"product_cat","embeddable":true,"href":"https:\/\/www.keramika.com\/slovenija\/wp-json\/wp\/v2\/product_cat?post=98082"},{"taxonomy":"product_tag","embeddable":true,"href":"https:\/\/www.keramika.com\/slovenija\/wp-json\/wp\/v2\/product_tag?post=98082"}],"curies":[{"name":"wp","href":"https:\/\/api.w.org\/{rel}","templated":true}]}}