{"id":98078,"date":"2017-03-22T22:06:04","date_gmt":"2017-03-22T22:06:04","guid":{"rendered":"http:\/\/keramika.holest.com\/slovenija\/product\/piedra-crema-wall\/"},"modified":"2025-12-31T00:00:41","modified_gmt":"2025-12-31T00:00:41","slug":"piedra-crema-wall","status":"publish","type":"product","link":"https:\/\/www.keramika.com\/slovenija\/piedra-crema-wall\/","title":{"rendered":"Piedra Crema Wall"},"content":{"rendered":"<p>\u0160irina in dol\u017eina mre\u017ee na katero je pripet ta mozaik sta 30&#215;30 cm. Mre\u017eo lahko enostavno polo\u017eite na razli\u010dne povr\u0161ine. 23,5 EUR v klasi\u010dni trgovini, pri nas pa le 18,8 EUR. Letos so mozaiki v be\u017e barvi zelo za\u017eeljeni. Ta mozaik plo\u0161\u010dica prihaja iz \u0160panije, ki je znana po kvalitetni keramiki. Debelina plo\u0161\u010dice je zelo pomembna in 6 mm uvr\u0161\u010da ta mozaik med najkvalitetnej\u0161e.<\/p>\n","protected":false},"excerpt":{"rendered":"<p>\u0160irina in dol\u017eina mre\u017ee na katero je pripet ta mozaik sta 30&#215;30 cm. Mre\u017eo lahko enostavno polo\u017eite na razli\u010dne povr\u0161ine. 23,5 EUR v klasi\u010dni trgovini, pri nas pa le 18,8 EUR. Letos so mozaiki v be\u017e barvi zelo za\u017eeljeni. Ta mozaik plo\u0161\u010dica prihaja iz \u0160panije, ki je znana po kvalitetni keramiki. Debelina plo\u0161\u010dice je zelo [&hellip;]<\/p>\n","protected":false},"featured_media":98079,"template":"","meta":[],"product_cat":[99946,420,400,999],"product_tag":[],"_links":{"self":[{"href":"https:\/\/www.keramika.com\/slovenija\/wp-json\/wp\/v2\/product\/98078"}],"collection":[{"href":"https:\/\/www.keramika.com\/slovenija\/wp-json\/wp\/v2\/product"}],"about":[{"href":"https:\/\/www.keramika.com\/slovenija\/wp-json\/wp\/v2\/types\/product"}],"wp:featuredmedia":[{"embeddable":true,"href":"https:\/\/www.keramika.com\/slovenija\/wp-json\/wp\/v2\/media\/98079"}],"wp:attachment":[{"href":"https:\/\/www.keramika.com\/slovenija\/wp-json\/wp\/v2\/media?parent=98078"}],"wp:term":[{"taxonomy":"product_cat","embeddable":true,"href":"https:\/\/www.keramika.com\/slovenija\/wp-json\/wp\/v2\/product_cat?post=98078"},{"taxonomy":"product_tag","embeddable":true,"href":"https:\/\/www.keramika.com\/slovenija\/wp-json\/wp\/v2\/product_tag?post=98078"}],"curies":[{"name":"wp","href":"https:\/\/api.w.org\/{rel}","templated":true}]}}