{"id":98076,"date":"2017-03-22T22:06:04","date_gmt":"2017-03-22T22:06:04","guid":{"rendered":"http:\/\/keramika.holest.com\/slovenija\/product\/piedra-crema\/"},"modified":"2025-12-31T00:00:41","modified_gmt":"2025-12-31T00:00:41","slug":"piedra-crema","status":"publish","type":"product","link":"https:\/\/www.keramika.com\/slovenija\/piedra-crema\/","title":{"rendered":"Piedra Crema"},"content":{"rendered":"<p>Dimenzije mre\u017ee na katero je pripet ta mozaik so 30&#215;30 cm. Mre\u017ea omogo\u010da enostavnej\u0161e polaganje. Ta mozaik je izdelal proizvajalec Halcon Ceramicas, ki prihaja iz \u0160panije. Debelina plo\u0161\u010dice je zelo pomembna in 6 mm uvr\u0161\u010da ta mozaik med najkvalitetnej\u0161e. Piedra Crema je na voljo po zelo ugodni ceni 18,8 EUR. Letos so mozaiki v be\u017e barvi zelo za\u017eeljeni.<\/p>\n","protected":false},"excerpt":{"rendered":"<p>Dimenzije mre\u017ee na katero je pripet ta mozaik so 30&#215;30 cm. Mre\u017ea omogo\u010da enostavnej\u0161e polaganje. Ta mozaik je izdelal proizvajalec Halcon Ceramicas, ki prihaja iz \u0160panije. Debelina plo\u0161\u010dice je zelo pomembna in 6 mm uvr\u0161\u010da ta mozaik med najkvalitetnej\u0161e. Piedra Crema je na voljo po zelo ugodni ceni 18,8 EUR. Letos so mozaiki v be\u017e [&hellip;]<\/p>\n","protected":false},"featured_media":98077,"template":"","meta":[],"product_cat":[99946,420,400,999],"product_tag":[],"_links":{"self":[{"href":"https:\/\/www.keramika.com\/slovenija\/wp-json\/wp\/v2\/product\/98076"}],"collection":[{"href":"https:\/\/www.keramika.com\/slovenija\/wp-json\/wp\/v2\/product"}],"about":[{"href":"https:\/\/www.keramika.com\/slovenija\/wp-json\/wp\/v2\/types\/product"}],"wp:featuredmedia":[{"embeddable":true,"href":"https:\/\/www.keramika.com\/slovenija\/wp-json\/wp\/v2\/media\/98077"}],"wp:attachment":[{"href":"https:\/\/www.keramika.com\/slovenija\/wp-json\/wp\/v2\/media?parent=98076"}],"wp:term":[{"taxonomy":"product_cat","embeddable":true,"href":"https:\/\/www.keramika.com\/slovenija\/wp-json\/wp\/v2\/product_cat?post=98076"},{"taxonomy":"product_tag","embeddable":true,"href":"https:\/\/www.keramika.com\/slovenija\/wp-json\/wp\/v2\/product_tag?post=98076"}],"curies":[{"name":"wp","href":"https:\/\/api.w.org\/{rel}","templated":true}]}}