{"id":98072,"date":"2017-03-22T22:06:03","date_gmt":"2017-03-22T22:06:03","guid":{"rendered":"http:\/\/keramika.holest.com\/slovenija\/product\/nacar-perla\/"},"modified":"2025-12-31T00:00:41","modified_gmt":"2025-12-31T00:00:41","slug":"nacar-perla","status":"publish","type":"product","link":"https:\/\/www.keramika.com\/slovenija\/nacar-perla\/","title":{"rendered":"Nacar Perla"},"content":{"rendered":"<p>Ta mozaik je debel 6 mm in je zelo trpe\u017een. Nacar Perla je plo\u0161\u010dica proizvajalca Halcon Ceramicas in prihaja iz \u0160panije. Redna cena tega mozaika v maloprodaji zna\u0161a 48,44 EUR, v na\u0161i spletni trgovini pa ga lahko dobite \u017ee za 38,75 EUR. Velikost mre\u017ee z mozaikom je 30&#215;30 cm, kar omogo\u010da enostavno polaganje. Zelo moderen mozaik v dominanti beli barvi popestri prav vsak prostor.<\/p>\n","protected":false},"excerpt":{"rendered":"<p>Ta mozaik je debel 6 mm in je zelo trpe\u017een. Nacar Perla je plo\u0161\u010dica proizvajalca Halcon Ceramicas in prihaja iz \u0160panije. Redna cena tega mozaika v maloprodaji zna\u0161a 48,44 EUR, v na\u0161i spletni trgovini pa ga lahko dobite \u017ee za 38,75 EUR. Velikost mre\u017ee z mozaikom je 30&#215;30 cm, kar omogo\u010da enostavno polaganje. Zelo moderen [&hellip;]<\/p>\n","protected":false},"featured_media":98073,"template":"","meta":[],"product_cat":[99946,400,999,430],"product_tag":[],"_links":{"self":[{"href":"https:\/\/www.keramika.com\/slovenija\/wp-json\/wp\/v2\/product\/98072"}],"collection":[{"href":"https:\/\/www.keramika.com\/slovenija\/wp-json\/wp\/v2\/product"}],"about":[{"href":"https:\/\/www.keramika.com\/slovenija\/wp-json\/wp\/v2\/types\/product"}],"wp:featuredmedia":[{"embeddable":true,"href":"https:\/\/www.keramika.com\/slovenija\/wp-json\/wp\/v2\/media\/98073"}],"wp:attachment":[{"href":"https:\/\/www.keramika.com\/slovenija\/wp-json\/wp\/v2\/media?parent=98072"}],"wp:term":[{"taxonomy":"product_cat","embeddable":true,"href":"https:\/\/www.keramika.com\/slovenija\/wp-json\/wp\/v2\/product_cat?post=98072"},{"taxonomy":"product_tag","embeddable":true,"href":"https:\/\/www.keramika.com\/slovenija\/wp-json\/wp\/v2\/product_tag?post=98072"}],"curies":[{"name":"wp","href":"https:\/\/api.w.org\/{rel}","templated":true}]}}