{"id":98070,"date":"2017-03-22T22:06:03","date_gmt":"2017-03-22T22:06:03","guid":{"rendered":"http:\/\/keramika.holest.com\/slovenija\/product\/metal-points\/"},"modified":"2025-12-31T00:00:40","modified_gmt":"2025-12-31T00:00:40","slug":"metal-points","status":"publish","type":"product","link":"https:\/\/www.keramika.com\/slovenija\/metal-points\/","title":{"rendered":"Metal Points"},"content":{"rendered":"<p>Zelo moderen mozaik v dominanti sivi barvi popestri prav vsak prostor. Z velikostjo mre\u017ee 30&#215;30 cm na katero je pripet, je ta mozaik primeren ze razli\u010dne povr\u0161ine. Debelina plo\u0161\u010dice je zelo pomembna in 6 mm uvr\u0161\u010da ta mozaik med najkvalitetnej\u0161e. Ta mozaik je izdelal proizvajalec Halcon Ceramicas, ki prihaja iz \u0160panije. 47,28 EUR v klasi\u010dni trgovini, pri nas pa le 37,83 EUR.<\/p>\n","protected":false},"excerpt":{"rendered":"<p>Zelo moderen mozaik v dominanti sivi barvi popestri prav vsak prostor. Z velikostjo mre\u017ee 30&#215;30 cm na katero je pripet, je ta mozaik primeren ze razli\u010dne povr\u0161ine. Debelina plo\u0161\u010dice je zelo pomembna in 6 mm uvr\u0161\u010da ta mozaik med najkvalitetnej\u0161e. Ta mozaik je izdelal proizvajalec Halcon Ceramicas, ki prihaja iz \u0160panije. 47,28 EUR v klasi\u010dni [&hellip;]<\/p>\n","protected":false},"featured_media":98071,"template":"","meta":[],"product_cat":[99946,440,400,999],"product_tag":[],"_links":{"self":[{"href":"https:\/\/www.keramika.com\/slovenija\/wp-json\/wp\/v2\/product\/98070"}],"collection":[{"href":"https:\/\/www.keramika.com\/slovenija\/wp-json\/wp\/v2\/product"}],"about":[{"href":"https:\/\/www.keramika.com\/slovenija\/wp-json\/wp\/v2\/types\/product"}],"wp:featuredmedia":[{"embeddable":true,"href":"https:\/\/www.keramika.com\/slovenija\/wp-json\/wp\/v2\/media\/98071"}],"wp:attachment":[{"href":"https:\/\/www.keramika.com\/slovenija\/wp-json\/wp\/v2\/media?parent=98070"}],"wp:term":[{"taxonomy":"product_cat","embeddable":true,"href":"https:\/\/www.keramika.com\/slovenija\/wp-json\/wp\/v2\/product_cat?post=98070"},{"taxonomy":"product_tag","embeddable":true,"href":"https:\/\/www.keramika.com\/slovenija\/wp-json\/wp\/v2\/product_tag?post=98070"}],"curies":[{"name":"wp","href":"https:\/\/api.w.org\/{rel}","templated":true}]}}